{"id":3119,"date":"2020-01-08T11:50:13","date_gmt":"2020-01-08T10:50:13","guid":{"rendered":"https:\/\/lactalisfeed.fr\/agneau-et-chevreau\/nos-produits\/"},"modified":"2021-04-07T15:14:00","modified_gmt":"2021-04-07T13:14:00","slug":"%d0%bd%d0%b0%d1%88%d0%b0-%d0%bf%d1%80%d0%be%d0%b4%d1%83%d0%ba%d1%86%d0%b8%d1%8f","status":"publish","type":"page","link":"https:\/\/www.lactalisfeed.fr\/ru\/%d1%8f%d0%b3%d0%bd%d1%8f%d1%82%d0%b0-%d0%b8-%d0%ba%d0%be%d0%b7%d0%bb%d1%8f%d1%82%d0%b0\/%d0%bd%d0%b0%d1%88%d0%b0-%d0%bf%d1%80%d0%be%d0%b4%d1%83%d0%ba%d1%86%d0%b8%d1%8f\/","title":{"rendered":"\u043d\u0430\u0448\u0430 \u043f\u0440\u043e\u0434\u0443\u043a\u0446\u0438\u044f"},"content":{"rendered":"\n<p>\u041f\u043e\u043b\u043d\u044b\u0439 \u0430\u0441\u0441\u043e\u0440\u0442\u0438\u043c\u0435\u043d\u0442 \u043f\u0440\u043e\u0434\u0443\u043a\u0446\u0438\u0438 \u0434\u043b\u044f \u043b\u044e\u0431\u043e\u0439 \u0441\u0438\u0442\u0443\u0430\u0446\u0438\u0438<\/p>\n\n\n\n<p>\u041f\u0440\u043e\u0434\u0443\u043a\u0442\u044b, \u0441\u043e\u043e\u0442\u0432\u0435\u0442\u0441\u0442\u0432\u0443\u044e\u0449\u0438\u0435 \u0432\u0430\u0448\u0438\u043c \u0446\u0435\u043b\u044f\u043c \u043f\u043e \u0440\u043e\u0441\u0442\u0443 \u0438 \u043f\u0440\u043e\u0434\u0443\u043a\u0442\u0438\u0432\u043d\u043e\u0441\u0442\u0438<\/p>\n","protected":false},"excerpt":{"rendered":"<p>\u041f\u043e\u043b\u043d\u044b\u0439 \u0430\u0441\u0441\u043e\u0440\u0442\u0438\u043c\u0435\u043d\u0442 \u043f\u0440\u043e\u0434\u0443\u043a\u0446\u0438\u0438 \u0434\u043b\u044f \u043b\u044e\u0431\u043e\u0439 \u0441\u0438\u0442\u0443\u0430\u0446\u0438\u0438 \u041f\u0440\u043e\u0434\u0443\u043a\u0442\u044b, \u0441\u043e\u043e\u0442\u0432\u0435\u0442\u0441\u0442\u0432\u0443\u044e\u0449\u0438\u0435 \u0432\u0430\u0448\u0438\u043c \u0446\u0435\u043b\u044f\u043c \u043f\u043e \u0440\u043e\u0441\u0442\u0443 \u0438 \u043f\u0440\u043e\u0434\u0443\u043a\u0442\u0438\u0432\u043d\u043e\u0441\u0442\u0438<\/p>\n","protected":false},"author":1,"featured_media":3118,"parent":3115,"menu_order":0,"comment_status":"closed","ping_status":"closed","template":"template-page-flexible.php","meta":{"_acf_changed":false,"footnotes":""},"class_list":["post-3119","page","type-page","status-publish","has-post-thumbnail","hentry"],"acf":[],"yoast_head":"<!-- This site is optimized with the Yoast SEO plugin v27.5 - https:\/\/yoast.com\/product\/yoast-seo-wordpress\/ -->\n<title>\u043d\u0430\u0448\u0430 \u043f\u0440\u043e\u0434\u0443\u043a\u0446\u0438\u044f - Eurovo<\/title>\n<meta name=\"robots\" content=\"index, follow, max-snippet:-1, max-image-preview:large, max-video-preview:-1\" \/>\n<link rel=\"canonical\" href=\"https:\/\/www.lactalisfeed.fr\/ru\/%d1%8f%d0%b3%d0%bd%d1%8f%d1%82%d0%b0-%d0%b8-%d0%ba%d0%be%d0%b7%d0%bb%d1%8f%d1%82%d0%b0\/%d0%bd%d0%b0%d1%88%d0%b0-%d0%bf%d1%80%d0%be%d0%b4%d1%83%d0%ba%d1%86%d0%b8%d1%8f\/\" \/>\n<meta property=\"og:locale\" content=\"ru_RU\" \/>\n<meta property=\"og:type\" content=\"article\" \/>\n<meta property=\"og:title\" content=\"\u043d\u0430\u0448\u0430 \u043f\u0440\u043e\u0434\u0443\u043a\u0446\u0438\u044f - Eurovo\" \/>\n<meta property=\"og:description\" content=\"\u041f\u043e\u043b\u043d\u044b\u0439 \u0430\u0441\u0441\u043e\u0440\u0442\u0438\u043c\u0435\u043d\u0442 \u043f\u0440\u043e\u0434\u0443\u043a\u0446\u0438\u0438 \u0434\u043b\u044f \u043b\u044e\u0431\u043e\u0439 \u0441\u0438\u0442\u0443\u0430\u0446\u0438\u0438 \u041f\u0440\u043e\u0434\u0443\u043a\u0442\u044b, \u0441\u043e\u043e\u0442\u0432\u0435\u0442\u0441\u0442\u0432\u0443\u044e\u0449\u0438\u0435 \u0432\u0430\u0448\u0438\u043c \u0446\u0435\u043b\u044f\u043c \u043f\u043e \u0440\u043e\u0441\u0442\u0443 \u0438 \u043f\u0440\u043e\u0434\u0443\u043a\u0442\u0438\u0432\u043d\u043e\u0441\u0442\u0438\" \/>\n<meta property=\"og:url\" content=\"https:\/\/www.lactalisfeed.fr\/ru\/%d1%8f%d0%b3%d0%bd%d1%8f%d1%82%d0%b0-%d0%b8-%d0%ba%d0%be%d0%b7%d0%bb%d1%8f%d1%82%d0%b0\/%d0%bd%d0%b0%d1%88%d0%b0-%d0%bf%d1%80%d0%be%d0%b4%d1%83%d0%ba%d1%86%d0%b8%d1%8f\/\" \/>\n<meta property=\"og:site_name\" content=\"Eurovo\" \/>\n<meta property=\"article:modified_time\" content=\"2021-04-07T13:14:00+00:00\" \/>\n<meta property=\"og:image\" content=\"https:\/\/www.lactalisfeed.fr\/wp-content\/uploads\/2020\/05\/Lactalis-Elevages-caprins-343.png\" \/>\n\t<meta property=\"og:image:width\" content=\"1076\" \/>\n\t<meta property=\"og:image:height\" content=\"602\" \/>\n\t<meta property=\"og:image:type\" content=\"image\/png\" \/>\n<meta name=\"twitter:card\" content=\"summary_large_image\" \/>\n<meta name=\"twitter:label1\" content=\"Est. reading time\" \/>\n\t<meta name=\"twitter:data1\" content=\"1 minute\" \/>\n<script type=\"application\/ld+json\" class=\"yoast-schema-graph\">{\"@context\":\"https:\\\/\\\/schema.org\",\"@graph\":[{\"@type\":\"WebPage\",\"@id\":\"https:\\\/\\\/www.lactalisfeed.fr\\\/ru\\\/%d1%8f%d0%b3%d0%bd%d1%8f%d1%82%d0%b0-%d0%b8-%d0%ba%d0%be%d0%b7%d0%bb%d1%8f%d1%82%d0%b0\\\/%d0%bd%d0%b0%d1%88%d0%b0-%d0%bf%d1%80%d0%be%d0%b4%d1%83%d0%ba%d1%86%d0%b8%d1%8f\\\/\",\"url\":\"https:\\\/\\\/www.lactalisfeed.fr\\\/ru\\\/%d1%8f%d0%b3%d0%bd%d1%8f%d1%82%d0%b0-%d0%b8-%d0%ba%d0%be%d0%b7%d0%bb%d1%8f%d1%82%d0%b0\\\/%d0%bd%d0%b0%d1%88%d0%b0-%d0%bf%d1%80%d0%be%d0%b4%d1%83%d0%ba%d1%86%d0%b8%d1%8f\\\/\",\"name\":\"\u043d\u0430\u0448\u0430 \u043f\u0440\u043e\u0434\u0443\u043a\u0446\u0438\u044f - Eurovo\",\"isPartOf\":{\"@id\":\"https:\\\/\\\/www.lactalisfeed.fr\\\/ru\\\/#website\"},\"primaryImageOfPage\":{\"@id\":\"https:\\\/\\\/www.lactalisfeed.fr\\\/ru\\\/%d1%8f%d0%b3%d0%bd%d1%8f%d1%82%d0%b0-%d0%b8-%d0%ba%d0%be%d0%b7%d0%bb%d1%8f%d1%82%d0%b0\\\/%d0%bd%d0%b0%d1%88%d0%b0-%d0%bf%d1%80%d0%be%d0%b4%d1%83%d0%ba%d1%86%d0%b8%d1%8f\\\/#primaryimage\"},\"image\":{\"@id\":\"https:\\\/\\\/www.lactalisfeed.fr\\\/ru\\\/%d1%8f%d0%b3%d0%bd%d1%8f%d1%82%d0%b0-%d0%b8-%d0%ba%d0%be%d0%b7%d0%bb%d1%8f%d1%82%d0%b0\\\/%d0%bd%d0%b0%d1%88%d0%b0-%d0%bf%d1%80%d0%be%d0%b4%d1%83%d0%ba%d1%86%d0%b8%d1%8f\\\/#primaryimage\"},\"thumbnailUrl\":\"https:\\\/\\\/www.lactalisfeed.fr\\\/wp-content\\\/uploads\\\/2020\\\/05\\\/Lactalis-Elevages-caprins-343.png\",\"datePublished\":\"2020-01-08T10:50:13+00:00\",\"dateModified\":\"2021-04-07T13:14:00+00:00\",\"breadcrumb\":{\"@id\":\"https:\\\/\\\/www.lactalisfeed.fr\\\/ru\\\/%d1%8f%d0%b3%d0%bd%d1%8f%d1%82%d0%b0-%d0%b8-%d0%ba%d0%be%d0%b7%d0%bb%d1%8f%d1%82%d0%b0\\\/%d0%bd%d0%b0%d1%88%d0%b0-%d0%bf%d1%80%d0%be%d0%b4%d1%83%d0%ba%d1%86%d0%b8%d1%8f\\\/#breadcrumb\"},\"inLanguage\":\"ru-RU\",\"potentialAction\":[{\"@type\":\"ReadAction\",\"target\":[\"https:\\\/\\\/www.lactalisfeed.fr\\\/ru\\\/%d1%8f%d0%b3%d0%bd%d1%8f%d1%82%d0%b0-%d0%b8-%d0%ba%d0%be%d0%b7%d0%bb%d1%8f%d1%82%d0%b0\\\/%d0%bd%d0%b0%d1%88%d0%b0-%d0%bf%d1%80%d0%be%d0%b4%d1%83%d0%ba%d1%86%d0%b8%d1%8f\\\/\"]}]},{\"@type\":\"ImageObject\",\"inLanguage\":\"ru-RU\",\"@id\":\"https:\\\/\\\/www.lactalisfeed.fr\\\/ru\\\/%d1%8f%d0%b3%d0%bd%d1%8f%d1%82%d0%b0-%d0%b8-%d0%ba%d0%be%d0%b7%d0%bb%d1%8f%d1%82%d0%b0\\\/%d0%bd%d0%b0%d1%88%d0%b0-%d0%bf%d1%80%d0%be%d0%b4%d1%83%d0%ba%d1%86%d0%b8%d1%8f\\\/#primaryimage\",\"url\":\"https:\\\/\\\/www.lactalisfeed.fr\\\/wp-content\\\/uploads\\\/2020\\\/05\\\/Lactalis-Elevages-caprins-343.png\",\"contentUrl\":\"https:\\\/\\\/www.lactalisfeed.fr\\\/wp-content\\\/uploads\\\/2020\\\/05\\\/Lactalis-Elevages-caprins-343.png\",\"width\":1076,\"height\":602,\"caption\":\"Un travailleur agricole avance dans l\u2019\u00e9table pour nourrir les ch\u00e8vres \u00e0 l\u2019aide d\u2019un seau de la marque Eurovo.\"},{\"@type\":\"BreadcrumbList\",\"@id\":\"https:\\\/\\\/www.lactalisfeed.fr\\\/ru\\\/%d1%8f%d0%b3%d0%bd%d1%8f%d1%82%d0%b0-%d0%b8-%d0%ba%d0%be%d0%b7%d0%bb%d1%8f%d1%82%d0%b0\\\/%d0%bd%d0%b0%d1%88%d0%b0-%d0%bf%d1%80%d0%be%d0%b4%d1%83%d0%ba%d1%86%d0%b8%d1%8f\\\/#breadcrumb\",\"itemListElement\":[{\"@type\":\"ListItem\",\"position\":1,\"name\":\"Accueil\",\"item\":\"https:\\\/\\\/www.lactalisfeed.fr\\\/ru\\\/\"},{\"@type\":\"ListItem\",\"position\":2,\"name\":\"\u042f\u0433\u043d\u044f\u0442\u0430 \u0438 \u043a\u043e\u0437\u043b\u044f\u0442\u0430\",\"item\":\"https:\\\/\\\/www.lactalisfeed.fr\\\/ru\\\/%d1%8f%d0%b3%d0%bd%d1%8f%d1%82%d0%b0-%d0%b8-%d0%ba%d0%be%d0%b7%d0%bb%d1%8f%d1%82%d0%b0\\\/\"},{\"@type\":\"ListItem\",\"position\":3,\"name\":\"\u043d\u0430\u0448\u0430 \u043f\u0440\u043e\u0434\u0443\u043a\u0446\u0438\u044f\"}]},{\"@type\":\"WebSite\",\"@id\":\"https:\\\/\\\/www.lactalisfeed.fr\\\/ru\\\/#website\",\"url\":\"https:\\\/\\\/www.lactalisfeed.fr\\\/ru\\\/\",\"name\":\"Eurovo\",\"description\":\"Nourrir votre croissance\",\"potentialAction\":[{\"@type\":\"SearchAction\",\"target\":{\"@type\":\"EntryPoint\",\"urlTemplate\":\"https:\\\/\\\/www.lactalisfeed.fr\\\/ru\\\/?s={search_term_string}\"},\"query-input\":{\"@type\":\"PropertyValueSpecification\",\"valueRequired\":true,\"valueName\":\"search_term_string\"}}],\"inLanguage\":\"ru-RU\"}]}<\/script>\n<!-- \/ Yoast SEO plugin. -->","yoast_head_json":{"title":"\u043d\u0430\u0448\u0430 \u043f\u0440\u043e\u0434\u0443\u043a\u0446\u0438\u044f - Eurovo","robots":{"index":"index","follow":"follow","max-snippet":"max-snippet:-1","max-image-preview":"max-image-preview:large","max-video-preview":"max-video-preview:-1"},"canonical":"https:\/\/www.lactalisfeed.fr\/ru\/%d1%8f%d0%b3%d0%bd%d1%8f%d1%82%d0%b0-%d0%b8-%d0%ba%d0%be%d0%b7%d0%bb%d1%8f%d1%82%d0%b0\/%d0%bd%d0%b0%d1%88%d0%b0-%d0%bf%d1%80%d0%be%d0%b4%d1%83%d0%ba%d1%86%d0%b8%d1%8f\/","og_locale":"ru_RU","og_type":"article","og_title":"\u043d\u0430\u0448\u0430 \u043f\u0440\u043e\u0434\u0443\u043a\u0446\u0438\u044f - Eurovo","og_description":"\u041f\u043e\u043b\u043d\u044b\u0439 \u0430\u0441\u0441\u043e\u0440\u0442\u0438\u043c\u0435\u043d\u0442 \u043f\u0440\u043e\u0434\u0443\u043a\u0446\u0438\u0438 \u0434\u043b\u044f \u043b\u044e\u0431\u043e\u0439 \u0441\u0438\u0442\u0443\u0430\u0446\u0438\u0438 \u041f\u0440\u043e\u0434\u0443\u043a\u0442\u044b, \u0441\u043e\u043e\u0442\u0432\u0435\u0442\u0441\u0442\u0432\u0443\u044e\u0449\u0438\u0435 \u0432\u0430\u0448\u0438\u043c \u0446\u0435\u043b\u044f\u043c \u043f\u043e \u0440\u043e\u0441\u0442\u0443 \u0438 \u043f\u0440\u043e\u0434\u0443\u043a\u0442\u0438\u0432\u043d\u043e\u0441\u0442\u0438","og_url":"https:\/\/www.lactalisfeed.fr\/ru\/%d1%8f%d0%b3%d0%bd%d1%8f%d1%82%d0%b0-%d0%b8-%d0%ba%d0%be%d0%b7%d0%bb%d1%8f%d1%82%d0%b0\/%d0%bd%d0%b0%d1%88%d0%b0-%d0%bf%d1%80%d0%be%d0%b4%d1%83%d0%ba%d1%86%d0%b8%d1%8f\/","og_site_name":"Eurovo","article_modified_time":"2021-04-07T13:14:00+00:00","og_image":[{"width":1076,"height":602,"url":"https:\/\/www.lactalisfeed.fr\/wp-content\/uploads\/2020\/05\/Lactalis-Elevages-caprins-343.png","type":"image\/png"}],"twitter_card":"summary_large_image","twitter_misc":{"Est. reading time":"1 minute"},"schema":{"@context":"https:\/\/schema.org","@graph":[{"@type":"WebPage","@id":"https:\/\/www.lactalisfeed.fr\/ru\/%d1%8f%d0%b3%d0%bd%d1%8f%d1%82%d0%b0-%d0%b8-%d0%ba%d0%be%d0%b7%d0%bb%d1%8f%d1%82%d0%b0\/%d0%bd%d0%b0%d1%88%d0%b0-%d0%bf%d1%80%d0%be%d0%b4%d1%83%d0%ba%d1%86%d0%b8%d1%8f\/","url":"https:\/\/www.lactalisfeed.fr\/ru\/%d1%8f%d0%b3%d0%bd%d1%8f%d1%82%d0%b0-%d0%b8-%d0%ba%d0%be%d0%b7%d0%bb%d1%8f%d1%82%d0%b0\/%d0%bd%d0%b0%d1%88%d0%b0-%d0%bf%d1%80%d0%be%d0%b4%d1%83%d0%ba%d1%86%d0%b8%d1%8f\/","name":"\u043d\u0430\u0448\u0430 \u043f\u0440\u043e\u0434\u0443\u043a\u0446\u0438\u044f - Eurovo","isPartOf":{"@id":"https:\/\/www.lactalisfeed.fr\/ru\/#website"},"primaryImageOfPage":{"@id":"https:\/\/www.lactalisfeed.fr\/ru\/%d1%8f%d0%b3%d0%bd%d1%8f%d1%82%d0%b0-%d0%b8-%d0%ba%d0%be%d0%b7%d0%bb%d1%8f%d1%82%d0%b0\/%d0%bd%d0%b0%d1%88%d0%b0-%d0%bf%d1%80%d0%be%d0%b4%d1%83%d0%ba%d1%86%d0%b8%d1%8f\/#primaryimage"},"image":{"@id":"https:\/\/www.lactalisfeed.fr\/ru\/%d1%8f%d0%b3%d0%bd%d1%8f%d1%82%d0%b0-%d0%b8-%d0%ba%d0%be%d0%b7%d0%bb%d1%8f%d1%82%d0%b0\/%d0%bd%d0%b0%d1%88%d0%b0-%d0%bf%d1%80%d0%be%d0%b4%d1%83%d0%ba%d1%86%d0%b8%d1%8f\/#primaryimage"},"thumbnailUrl":"https:\/\/www.lactalisfeed.fr\/wp-content\/uploads\/2020\/05\/Lactalis-Elevages-caprins-343.png","datePublished":"2020-01-08T10:50:13+00:00","dateModified":"2021-04-07T13:14:00+00:00","breadcrumb":{"@id":"https:\/\/www.lactalisfeed.fr\/ru\/%d1%8f%d0%b3%d0%bd%d1%8f%d1%82%d0%b0-%d0%b8-%d0%ba%d0%be%d0%b7%d0%bb%d1%8f%d1%82%d0%b0\/%d0%bd%d0%b0%d1%88%d0%b0-%d0%bf%d1%80%d0%be%d0%b4%d1%83%d0%ba%d1%86%d0%b8%d1%8f\/#breadcrumb"},"inLanguage":"ru-RU","potentialAction":[{"@type":"ReadAction","target":["https:\/\/www.lactalisfeed.fr\/ru\/%d1%8f%d0%b3%d0%bd%d1%8f%d1%82%d0%b0-%d0%b8-%d0%ba%d0%be%d0%b7%d0%bb%d1%8f%d1%82%d0%b0\/%d0%bd%d0%b0%d1%88%d0%b0-%d0%bf%d1%80%d0%be%d0%b4%d1%83%d0%ba%d1%86%d0%b8%d1%8f\/"]}]},{"@type":"ImageObject","inLanguage":"ru-RU","@id":"https:\/\/www.lactalisfeed.fr\/ru\/%d1%8f%d0%b3%d0%bd%d1%8f%d1%82%d0%b0-%d0%b8-%d0%ba%d0%be%d0%b7%d0%bb%d1%8f%d1%82%d0%b0\/%d0%bd%d0%b0%d1%88%d0%b0-%d0%bf%d1%80%d0%be%d0%b4%d1%83%d0%ba%d1%86%d0%b8%d1%8f\/#primaryimage","url":"https:\/\/www.lactalisfeed.fr\/wp-content\/uploads\/2020\/05\/Lactalis-Elevages-caprins-343.png","contentUrl":"https:\/\/www.lactalisfeed.fr\/wp-content\/uploads\/2020\/05\/Lactalis-Elevages-caprins-343.png","width":1076,"height":602,"caption":"Un travailleur agricole avance dans l\u2019\u00e9table pour nourrir les ch\u00e8vres \u00e0 l\u2019aide d\u2019un seau de la marque Eurovo."},{"@type":"BreadcrumbList","@id":"https:\/\/www.lactalisfeed.fr\/ru\/%d1%8f%d0%b3%d0%bd%d1%8f%d1%82%d0%b0-%d0%b8-%d0%ba%d0%be%d0%b7%d0%bb%d1%8f%d1%82%d0%b0\/%d0%bd%d0%b0%d1%88%d0%b0-%d0%bf%d1%80%d0%be%d0%b4%d1%83%d0%ba%d1%86%d0%b8%d1%8f\/#breadcrumb","itemListElement":[{"@type":"ListItem","position":1,"name":"Accueil","item":"https:\/\/www.lactalisfeed.fr\/ru\/"},{"@type":"ListItem","position":2,"name":"\u042f\u0433\u043d\u044f\u0442\u0430 \u0438 \u043a\u043e\u0437\u043b\u044f\u0442\u0430","item":"https:\/\/www.lactalisfeed.fr\/ru\/%d1%8f%d0%b3%d0%bd%d1%8f%d1%82%d0%b0-%d0%b8-%d0%ba%d0%be%d0%b7%d0%bb%d1%8f%d1%82%d0%b0\/"},{"@type":"ListItem","position":3,"name":"\u043d\u0430\u0448\u0430 \u043f\u0440\u043e\u0434\u0443\u043a\u0446\u0438\u044f"}]},{"@type":"WebSite","@id":"https:\/\/www.lactalisfeed.fr\/ru\/#website","url":"https:\/\/www.lactalisfeed.fr\/ru\/","name":"Eurovo","description":"Nourrir votre croissance","potentialAction":[{"@type":"SearchAction","target":{"@type":"EntryPoint","urlTemplate":"https:\/\/www.lactalisfeed.fr\/ru\/?s={search_term_string}"},"query-input":{"@type":"PropertyValueSpecification","valueRequired":true,"valueName":"search_term_string"}}],"inLanguage":"ru-RU"}]}},"_links":{"self":[{"href":"https:\/\/www.lactalisfeed.fr\/ru\/wp-json\/wp\/v2\/pages\/3119","targetHints":{"allow":["GET"]}}],"collection":[{"href":"https:\/\/www.lactalisfeed.fr\/ru\/wp-json\/wp\/v2\/pages"}],"about":[{"href":"https:\/\/www.lactalisfeed.fr\/ru\/wp-json\/wp\/v2\/types\/page"}],"author":[{"embeddable":true,"href":"https:\/\/www.lactalisfeed.fr\/ru\/wp-json\/wp\/v2\/users\/1"}],"replies":[{"embeddable":true,"href":"https:\/\/www.lactalisfeed.fr\/ru\/wp-json\/wp\/v2\/comments?post=3119"}],"version-history":[{"count":4,"href":"https:\/\/www.lactalisfeed.fr\/ru\/wp-json\/wp\/v2\/pages\/3119\/revisions"}],"predecessor-version":[{"id":3384,"href":"https:\/\/www.lactalisfeed.fr\/ru\/wp-json\/wp\/v2\/pages\/3119\/revisions\/3384"}],"up":[{"embeddable":true,"href":"https:\/\/www.lactalisfeed.fr\/ru\/wp-json\/wp\/v2\/pages\/3115"}],"wp:featuredmedia":[{"embeddable":true,"href":"https:\/\/www.lactalisfeed.fr\/ru\/wp-json\/wp\/v2\/media\/3118"}],"wp:attachment":[{"href":"https:\/\/www.lactalisfeed.fr\/ru\/wp-json\/wp\/v2\/media?parent=3119"}],"curies":[{"name":"wp","href":"https:\/\/api.w.org\/{rel}","templated":true}]}}