{"id":2793,"date":"2020-01-08T11:51:31","date_gmt":"2020-01-08T10:51:31","guid":{"rendered":"https:\/\/lactalisfeed.fr\/veau-de-boucherie\/notre-expertise\/"},"modified":"2021-04-07T15:11:57","modified_gmt":"2021-04-07T13:11:57","slug":"%d0%bd%d0%b0%d1%88%d0%b5-%d0%bc%d0%b0%d1%81%d1%82%d0%b5%d1%80%d1%81%d1%82%d0%b2%d0%be","status":"publish","type":"page","link":"https:\/\/www.lactalisfeed.fr\/ru\/%d1%82%d0%b5%d0%bb%d1%8f%d1%82%d0%b0-%d0%bd%d0%b0-%d0%bc%d1%8f%d1%81%d0%be\/%d0%bd%d0%b0%d1%88%d0%b5-%d0%bc%d0%b0%d1%81%d1%82%d0%b5%d1%80%d1%81%d1%82%d0%b2%d0%be\/","title":{"rendered":"\u041d\u0430\u0448\u0435 \u043c\u0430\u0441\u0442\u0435\u0440\u0441\u0442\u0432\u043e"},"content":{"rendered":"","protected":false},"excerpt":{"rendered":"","protected":false},"author":1,"featured_media":2795,"parent":2786,"menu_order":0,"comment_status":"closed","ping_status":"closed","template":"template-page-flexible.php","meta":{"_acf_changed":false,"footnotes":""},"class_list":["post-2793","page","type-page","status-publish","has-post-thumbnail","hentry"],"acf":[],"yoast_head":"<!-- This site is optimized with the Yoast SEO plugin v27.5 - https:\/\/yoast.com\/product\/yoast-seo-wordpress\/ -->\n<title>\u041d\u0430\u0448\u0435 \u043c\u0430\u0441\u0442\u0435\u0440\u0441\u0442\u0432\u043e - Eurovo<\/title>\n<meta name=\"description\" content=\"Lactalis Feed d\u00e9veloppe des r\u00e9ponses sp\u00e9cifiques \u00e0 vos besoins : aliments d\u2019allaitements pour veaux de boucherie, veaux d\u2019\u00e9levage, agneaux, chevreaux et noyaux laitiers pour porcelets. Les gammes d\u2019aliments d\u2019allaitement EUROVO sont con\u00e7ues et \u00e9labor\u00e9es par nos soins, vous garantissent des performances technico-\u00e9conomiques optimales.\" \/>\n<meta name=\"robots\" content=\"index, follow, max-snippet:-1, max-image-preview:large, max-video-preview:-1\" \/>\n<link rel=\"canonical\" href=\"https:\/\/www.lactalisfeed.fr\/ru\/%d1%82%d0%b5%d0%bb%d1%8f%d1%82%d0%b0-%d0%bd%d0%b0-%d0%bc%d1%8f%d1%81%d0%be\/%d0%bd%d0%b0%d1%88%d0%b5-%d0%bc%d0%b0%d1%81%d1%82%d0%b5%d1%80%d1%81%d1%82%d0%b2%d0%be\/\" \/>\n<meta property=\"og:locale\" content=\"ru_RU\" \/>\n<meta property=\"og:type\" content=\"article\" \/>\n<meta property=\"og:title\" content=\"\u041d\u0430\u0448\u0435 \u043c\u0430\u0441\u0442\u0435\u0440\u0441\u0442\u0432\u043e - Eurovo\" \/>\n<meta property=\"og:description\" content=\"Lactalis Feed d\u00e9veloppe des r\u00e9ponses sp\u00e9cifiques \u00e0 vos besoins : aliments d\u2019allaitements pour veaux de boucherie, veaux d\u2019\u00e9levage, agneaux, chevreaux et noyaux laitiers pour porcelets. Les gammes d\u2019aliments d\u2019allaitement EUROVO sont con\u00e7ues et \u00e9labor\u00e9es par nos soins, vous garantissent des performances technico-\u00e9conomiques optimales.\" \/>\n<meta property=\"og:url\" content=\"https:\/\/www.lactalisfeed.fr\/ru\/%d1%82%d0%b5%d0%bb%d1%8f%d1%82%d0%b0-%d0%bd%d0%b0-%d0%bc%d1%8f%d1%81%d0%be\/%d0%bd%d0%b0%d1%88%d0%b5-%d0%bc%d0%b0%d1%81%d1%82%d0%b5%d1%80%d1%81%d1%82%d0%b2%d0%be\/\" \/>\n<meta property=\"og:site_name\" content=\"Eurovo\" \/>\n<meta property=\"article:modified_time\" content=\"2021-04-07T13:11:57+00:00\" \/>\n<meta property=\"og:image\" content=\"https:\/\/www.lactalisfeed.fr\/wp-content\/uploads\/2020\/11\/veau-boucherie.jpg\" \/>\n\t<meta property=\"og:image:width\" content=\"1045\" \/>\n\t<meta property=\"og:image:height\" content=\"336\" \/>\n\t<meta property=\"og:image:type\" content=\"image\/jpeg\" \/>\n<meta name=\"twitter:card\" content=\"summary_large_image\" \/>\n<script type=\"application\/ld+json\" class=\"yoast-schema-graph\">{\"@context\":\"https:\\\/\\\/schema.org\",\"@graph\":[{\"@type\":\"WebPage\",\"@id\":\"https:\\\/\\\/www.lactalisfeed.fr\\\/ru\\\/%d1%82%d0%b5%d0%bb%d1%8f%d1%82%d0%b0-%d0%bd%d0%b0-%d0%bc%d1%8f%d1%81%d0%be\\\/%d0%bd%d0%b0%d1%88%d0%b5-%d0%bc%d0%b0%d1%81%d1%82%d0%b5%d1%80%d1%81%d1%82%d0%b2%d0%be\\\/\",\"url\":\"https:\\\/\\\/www.lactalisfeed.fr\\\/ru\\\/%d1%82%d0%b5%d0%bb%d1%8f%d1%82%d0%b0-%d0%bd%d0%b0-%d0%bc%d1%8f%d1%81%d0%be\\\/%d0%bd%d0%b0%d1%88%d0%b5-%d0%bc%d0%b0%d1%81%d1%82%d0%b5%d1%80%d1%81%d1%82%d0%b2%d0%be\\\/\",\"name\":\"\u041d\u0430\u0448\u0435 \u043c\u0430\u0441\u0442\u0435\u0440\u0441\u0442\u0432\u043e - Eurovo\",\"isPartOf\":{\"@id\":\"https:\\\/\\\/www.lactalisfeed.fr\\\/ru\\\/#website\"},\"primaryImageOfPage\":{\"@id\":\"https:\\\/\\\/www.lactalisfeed.fr\\\/ru\\\/%d1%82%d0%b5%d0%bb%d1%8f%d1%82%d0%b0-%d0%bd%d0%b0-%d0%bc%d1%8f%d1%81%d0%be\\\/%d0%bd%d0%b0%d1%88%d0%b5-%d0%bc%d0%b0%d1%81%d1%82%d0%b5%d1%80%d1%81%d1%82%d0%b2%d0%be\\\/#primaryimage\"},\"image\":{\"@id\":\"https:\\\/\\\/www.lactalisfeed.fr\\\/ru\\\/%d1%82%d0%b5%d0%bb%d1%8f%d1%82%d0%b0-%d0%bd%d0%b0-%d0%bc%d1%8f%d1%81%d0%be\\\/%d0%bd%d0%b0%d1%88%d0%b5-%d0%bc%d0%b0%d1%81%d1%82%d0%b5%d1%80%d1%81%d1%82%d0%b2%d0%be\\\/#primaryimage\"},\"thumbnailUrl\":\"https:\\\/\\\/www.lactalisfeed.fr\\\/wp-content\\\/uploads\\\/2020\\\/11\\\/veau-boucherie.jpg\",\"datePublished\":\"2020-01-08T10:51:31+00:00\",\"dateModified\":\"2021-04-07T13:11:57+00:00\",\"description\":\"Lactalis Feed d\u00e9veloppe des r\u00e9ponses sp\u00e9cifiques \u00e0 vos besoins : aliments d\u2019allaitements pour veaux de boucherie, veaux d\u2019\u00e9levage, agneaux, chevreaux et noyaux laitiers pour porcelets. Les gammes d\u2019aliments d\u2019allaitement EUROVO sont con\u00e7ues et \u00e9labor\u00e9es par nos soins, vous garantissent des performances technico-\u00e9conomiques optimales.\",\"breadcrumb\":{\"@id\":\"https:\\\/\\\/www.lactalisfeed.fr\\\/ru\\\/%d1%82%d0%b5%d0%bb%d1%8f%d1%82%d0%b0-%d0%bd%d0%b0-%d0%bc%d1%8f%d1%81%d0%be\\\/%d0%bd%d0%b0%d1%88%d0%b5-%d0%bc%d0%b0%d1%81%d1%82%d0%b5%d1%80%d1%81%d1%82%d0%b2%d0%be\\\/#breadcrumb\"},\"inLanguage\":\"ru-RU\",\"potentialAction\":[{\"@type\":\"ReadAction\",\"target\":[\"https:\\\/\\\/www.lactalisfeed.fr\\\/ru\\\/%d1%82%d0%b5%d0%bb%d1%8f%d1%82%d0%b0-%d0%bd%d0%b0-%d0%bc%d1%8f%d1%81%d0%be\\\/%d0%bd%d0%b0%d1%88%d0%b5-%d0%bc%d0%b0%d1%81%d1%82%d0%b5%d1%80%d1%81%d1%82%d0%b2%d0%be\\\/\"]}]},{\"@type\":\"ImageObject\",\"inLanguage\":\"ru-RU\",\"@id\":\"https:\\\/\\\/www.lactalisfeed.fr\\\/ru\\\/%d1%82%d0%b5%d0%bb%d1%8f%d1%82%d0%b0-%d0%bd%d0%b0-%d0%bc%d1%8f%d1%81%d0%be\\\/%d0%bd%d0%b0%d1%88%d0%b5-%d0%bc%d0%b0%d1%81%d1%82%d0%b5%d1%80%d1%81%d1%82%d0%b2%d0%be\\\/#primaryimage\",\"url\":\"https:\\\/\\\/www.lactalisfeed.fr\\\/wp-content\\\/uploads\\\/2020\\\/11\\\/veau-boucherie.jpg\",\"contentUrl\":\"https:\\\/\\\/www.lactalisfeed.fr\\\/wp-content\\\/uploads\\\/2020\\\/11\\\/veau-boucherie.jpg\",\"width\":1045,\"height\":336},{\"@type\":\"BreadcrumbList\",\"@id\":\"https:\\\/\\\/www.lactalisfeed.fr\\\/ru\\\/%d1%82%d0%b5%d0%bb%d1%8f%d1%82%d0%b0-%d0%bd%d0%b0-%d0%bc%d1%8f%d1%81%d0%be\\\/%d0%bd%d0%b0%d1%88%d0%b5-%d0%bc%d0%b0%d1%81%d1%82%d0%b5%d1%80%d1%81%d1%82%d0%b2%d0%be\\\/#breadcrumb\",\"itemListElement\":[{\"@type\":\"ListItem\",\"position\":1,\"name\":\"Accueil\",\"item\":\"https:\\\/\\\/www.lactalisfeed.fr\\\/ru\\\/\"},{\"@type\":\"ListItem\",\"position\":2,\"name\":\"\u0422\u0435\u043b\u044f\u0442\u0430 \u043d\u0430 \u043c\u044f\u0441\u043e\",\"item\":\"https:\\\/\\\/www.lactalisfeed.fr\\\/ru\\\/%d1%82%d0%b5%d0%bb%d1%8f%d1%82%d0%b0-%d0%bd%d0%b0-%d0%bc%d1%8f%d1%81%d0%be\\\/\"},{\"@type\":\"ListItem\",\"position\":3,\"name\":\"\u041d\u0430\u0448\u0435 \u043c\u0430\u0441\u0442\u0435\u0440\u0441\u0442\u0432\u043e\"}]},{\"@type\":\"WebSite\",\"@id\":\"https:\\\/\\\/www.lactalisfeed.fr\\\/ru\\\/#website\",\"url\":\"https:\\\/\\\/www.lactalisfeed.fr\\\/ru\\\/\",\"name\":\"Eurovo\",\"description\":\"Nourrir votre croissance\",\"potentialAction\":[{\"@type\":\"SearchAction\",\"target\":{\"@type\":\"EntryPoint\",\"urlTemplate\":\"https:\\\/\\\/www.lactalisfeed.fr\\\/ru\\\/?s={search_term_string}\"},\"query-input\":{\"@type\":\"PropertyValueSpecification\",\"valueRequired\":true,\"valueName\":\"search_term_string\"}}],\"inLanguage\":\"ru-RU\"}]}<\/script>\n<!-- \/ Yoast SEO plugin. -->","yoast_head_json":{"title":"\u041d\u0430\u0448\u0435 \u043c\u0430\u0441\u0442\u0435\u0440\u0441\u0442\u0432\u043e - Eurovo","description":"Lactalis Feed d\u00e9veloppe des r\u00e9ponses sp\u00e9cifiques \u00e0 vos besoins : aliments d\u2019allaitements pour veaux de boucherie, veaux d\u2019\u00e9levage, agneaux, chevreaux et noyaux laitiers pour porcelets. Les gammes d\u2019aliments d\u2019allaitement EUROVO sont con\u00e7ues et \u00e9labor\u00e9es par nos soins, vous garantissent des performances technico-\u00e9conomiques optimales.","robots":{"index":"index","follow":"follow","max-snippet":"max-snippet:-1","max-image-preview":"max-image-preview:large","max-video-preview":"max-video-preview:-1"},"canonical":"https:\/\/www.lactalisfeed.fr\/ru\/%d1%82%d0%b5%d0%bb%d1%8f%d1%82%d0%b0-%d0%bd%d0%b0-%d0%bc%d1%8f%d1%81%d0%be\/%d0%bd%d0%b0%d1%88%d0%b5-%d0%bc%d0%b0%d1%81%d1%82%d0%b5%d1%80%d1%81%d1%82%d0%b2%d0%be\/","og_locale":"ru_RU","og_type":"article","og_title":"\u041d\u0430\u0448\u0435 \u043c\u0430\u0441\u0442\u0435\u0440\u0441\u0442\u0432\u043e - Eurovo","og_description":"Lactalis Feed d\u00e9veloppe des r\u00e9ponses sp\u00e9cifiques \u00e0 vos besoins : aliments d\u2019allaitements pour veaux de boucherie, veaux d\u2019\u00e9levage, agneaux, chevreaux et noyaux laitiers pour porcelets. Les gammes d\u2019aliments d\u2019allaitement EUROVO sont con\u00e7ues et \u00e9labor\u00e9es par nos soins, vous garantissent des performances technico-\u00e9conomiques optimales.","og_url":"https:\/\/www.lactalisfeed.fr\/ru\/%d1%82%d0%b5%d0%bb%d1%8f%d1%82%d0%b0-%d0%bd%d0%b0-%d0%bc%d1%8f%d1%81%d0%be\/%d0%bd%d0%b0%d1%88%d0%b5-%d0%bc%d0%b0%d1%81%d1%82%d0%b5%d1%80%d1%81%d1%82%d0%b2%d0%be\/","og_site_name":"Eurovo","article_modified_time":"2021-04-07T13:11:57+00:00","og_image":[{"width":1045,"height":336,"url":"https:\/\/www.lactalisfeed.fr\/wp-content\/uploads\/2020\/11\/veau-boucherie.jpg","type":"image\/jpeg"}],"twitter_card":"summary_large_image","schema":{"@context":"https:\/\/schema.org","@graph":[{"@type":"WebPage","@id":"https:\/\/www.lactalisfeed.fr\/ru\/%d1%82%d0%b5%d0%bb%d1%8f%d1%82%d0%b0-%d0%bd%d0%b0-%d0%bc%d1%8f%d1%81%d0%be\/%d0%bd%d0%b0%d1%88%d0%b5-%d0%bc%d0%b0%d1%81%d1%82%d0%b5%d1%80%d1%81%d1%82%d0%b2%d0%be\/","url":"https:\/\/www.lactalisfeed.fr\/ru\/%d1%82%d0%b5%d0%bb%d1%8f%d1%82%d0%b0-%d0%bd%d0%b0-%d0%bc%d1%8f%d1%81%d0%be\/%d0%bd%d0%b0%d1%88%d0%b5-%d0%bc%d0%b0%d1%81%d1%82%d0%b5%d1%80%d1%81%d1%82%d0%b2%d0%be\/","name":"\u041d\u0430\u0448\u0435 \u043c\u0430\u0441\u0442\u0435\u0440\u0441\u0442\u0432\u043e - Eurovo","isPartOf":{"@id":"https:\/\/www.lactalisfeed.fr\/ru\/#website"},"primaryImageOfPage":{"@id":"https:\/\/www.lactalisfeed.fr\/ru\/%d1%82%d0%b5%d0%bb%d1%8f%d1%82%d0%b0-%d0%bd%d0%b0-%d0%bc%d1%8f%d1%81%d0%be\/%d0%bd%d0%b0%d1%88%d0%b5-%d0%bc%d0%b0%d1%81%d1%82%d0%b5%d1%80%d1%81%d1%82%d0%b2%d0%be\/#primaryimage"},"image":{"@id":"https:\/\/www.lactalisfeed.fr\/ru\/%d1%82%d0%b5%d0%bb%d1%8f%d1%82%d0%b0-%d0%bd%d0%b0-%d0%bc%d1%8f%d1%81%d0%be\/%d0%bd%d0%b0%d1%88%d0%b5-%d0%bc%d0%b0%d1%81%d1%82%d0%b5%d1%80%d1%81%d1%82%d0%b2%d0%be\/#primaryimage"},"thumbnailUrl":"https:\/\/www.lactalisfeed.fr\/wp-content\/uploads\/2020\/11\/veau-boucherie.jpg","datePublished":"2020-01-08T10:51:31+00:00","dateModified":"2021-04-07T13:11:57+00:00","description":"Lactalis Feed d\u00e9veloppe des r\u00e9ponses sp\u00e9cifiques \u00e0 vos besoins : aliments d\u2019allaitements pour veaux de boucherie, veaux d\u2019\u00e9levage, agneaux, chevreaux et noyaux laitiers pour porcelets. Les gammes d\u2019aliments d\u2019allaitement EUROVO sont con\u00e7ues et \u00e9labor\u00e9es par nos soins, vous garantissent des performances technico-\u00e9conomiques optimales.","breadcrumb":{"@id":"https:\/\/www.lactalisfeed.fr\/ru\/%d1%82%d0%b5%d0%bb%d1%8f%d1%82%d0%b0-%d0%bd%d0%b0-%d0%bc%d1%8f%d1%81%d0%be\/%d0%bd%d0%b0%d1%88%d0%b5-%d0%bc%d0%b0%d1%81%d1%82%d0%b5%d1%80%d1%81%d1%82%d0%b2%d0%be\/#breadcrumb"},"inLanguage":"ru-RU","potentialAction":[{"@type":"ReadAction","target":["https:\/\/www.lactalisfeed.fr\/ru\/%d1%82%d0%b5%d0%bb%d1%8f%d1%82%d0%b0-%d0%bd%d0%b0-%d0%bc%d1%8f%d1%81%d0%be\/%d0%bd%d0%b0%d1%88%d0%b5-%d0%bc%d0%b0%d1%81%d1%82%d0%b5%d1%80%d1%81%d1%82%d0%b2%d0%be\/"]}]},{"@type":"ImageObject","inLanguage":"ru-RU","@id":"https:\/\/www.lactalisfeed.fr\/ru\/%d1%82%d0%b5%d0%bb%d1%8f%d1%82%d0%b0-%d0%bd%d0%b0-%d0%bc%d1%8f%d1%81%d0%be\/%d0%bd%d0%b0%d1%88%d0%b5-%d0%bc%d0%b0%d1%81%d1%82%d0%b5%d1%80%d1%81%d1%82%d0%b2%d0%be\/#primaryimage","url":"https:\/\/www.lactalisfeed.fr\/wp-content\/uploads\/2020\/11\/veau-boucherie.jpg","contentUrl":"https:\/\/www.lactalisfeed.fr\/wp-content\/uploads\/2020\/11\/veau-boucherie.jpg","width":1045,"height":336},{"@type":"BreadcrumbList","@id":"https:\/\/www.lactalisfeed.fr\/ru\/%d1%82%d0%b5%d0%bb%d1%8f%d1%82%d0%b0-%d0%bd%d0%b0-%d0%bc%d1%8f%d1%81%d0%be\/%d0%bd%d0%b0%d1%88%d0%b5-%d0%bc%d0%b0%d1%81%d1%82%d0%b5%d1%80%d1%81%d1%82%d0%b2%d0%be\/#breadcrumb","itemListElement":[{"@type":"ListItem","position":1,"name":"Accueil","item":"https:\/\/www.lactalisfeed.fr\/ru\/"},{"@type":"ListItem","position":2,"name":"\u0422\u0435\u043b\u044f\u0442\u0430 \u043d\u0430 \u043c\u044f\u0441\u043e","item":"https:\/\/www.lactalisfeed.fr\/ru\/%d1%82%d0%b5%d0%bb%d1%8f%d1%82%d0%b0-%d0%bd%d0%b0-%d0%bc%d1%8f%d1%81%d0%be\/"},{"@type":"ListItem","position":3,"name":"\u041d\u0430\u0448\u0435 \u043c\u0430\u0441\u0442\u0435\u0440\u0441\u0442\u0432\u043e"}]},{"@type":"WebSite","@id":"https:\/\/www.lactalisfeed.fr\/ru\/#website","url":"https:\/\/www.lactalisfeed.fr\/ru\/","name":"Eurovo","description":"Nourrir votre croissance","potentialAction":[{"@type":"SearchAction","target":{"@type":"EntryPoint","urlTemplate":"https:\/\/www.lactalisfeed.fr\/ru\/?s={search_term_string}"},"query-input":{"@type":"PropertyValueSpecification","valueRequired":true,"valueName":"search_term_string"}}],"inLanguage":"ru-RU"}]}},"_links":{"self":[{"href":"https:\/\/www.lactalisfeed.fr\/ru\/wp-json\/wp\/v2\/pages\/2793","targetHints":{"allow":["GET"]}}],"collection":[{"href":"https:\/\/www.lactalisfeed.fr\/ru\/wp-json\/wp\/v2\/pages"}],"about":[{"href":"https:\/\/www.lactalisfeed.fr\/ru\/wp-json\/wp\/v2\/types\/page"}],"author":[{"embeddable":true,"href":"https:\/\/www.lactalisfeed.fr\/ru\/wp-json\/wp\/v2\/users\/1"}],"replies":[{"embeddable":true,"href":"https:\/\/www.lactalisfeed.fr\/ru\/wp-json\/wp\/v2\/comments?post=2793"}],"version-history":[{"count":2,"href":"https:\/\/www.lactalisfeed.fr\/ru\/wp-json\/wp\/v2\/pages\/2793\/revisions"}],"predecessor-version":[{"id":3087,"href":"https:\/\/www.lactalisfeed.fr\/ru\/wp-json\/wp\/v2\/pages\/2793\/revisions\/3087"}],"up":[{"embeddable":true,"href":"https:\/\/www.lactalisfeed.fr\/ru\/wp-json\/wp\/v2\/pages\/2786"}],"wp:featuredmedia":[{"embeddable":true,"href":"https:\/\/www.lactalisfeed.fr\/ru\/wp-json\/wp\/v2\/media\/2795"}],"wp:attachment":[{"href":"https:\/\/www.lactalisfeed.fr\/ru\/wp-json\/wp\/v2\/media?parent=2793"}],"curies":[{"name":"wp","href":"https:\/\/api.w.org\/{rel}","templated":true}]}}