{"id":2796,"date":"2020-01-08T11:51:31","date_gmt":"2020-01-08T10:51:31","guid":{"rendered":"https:\/\/lactalisfeed.fr\/veau-de-boucherie\/notre-expertise\/"},"modified":"2021-02-08T17:20:34","modified_gmt":"2021-02-08T16:20:34","slug":"nuestro-saber-hacer","status":"publish","type":"page","link":"https:\/\/www.lactalisfeed.fr\/es\/terneros-de-carne\/nuestro-saber-hacer\/","title":{"rendered":"Nuestro saber hacer"},"content":{"rendered":"","protected":false},"excerpt":{"rendered":"","protected":false},"author":1,"featured_media":1990,"parent":2787,"menu_order":0,"comment_status":"closed","ping_status":"closed","template":"template-page-flexible.php","meta":{"_acf_changed":false,"footnotes":""},"class_list":["post-2796","page","type-page","status-publish","has-post-thumbnail","hentry"],"acf":[],"yoast_head":"<!-- This site is optimized with the Yoast SEO plugin v27.1.1 - https:\/\/yoast.com\/product\/yoast-seo-wordpress\/ -->\n<title>Nuestro saber hacer - Eurovo<\/title>\n<meta name=\"description\" content=\"Lactalis Feed d\u00e9veloppe des r\u00e9ponses sp\u00e9cifiques \u00e0 vos besoins : aliments d\u2019allaitements pour veaux de boucherie, veaux d\u2019\u00e9levage, agneaux, chevreaux et noyaux laitiers pour porcelets. Les gammes d\u2019aliments d\u2019allaitement EUROVO sont con\u00e7ues et \u00e9labor\u00e9es par nos soins, vous garantissent des performances technico-\u00e9conomiques optimales.\" \/>\n<meta name=\"robots\" content=\"index, follow, max-snippet:-1, max-image-preview:large, max-video-preview:-1\" \/>\n<link rel=\"canonical\" href=\"https:\/\/www.lactalisfeed.fr\/es\/terneros-de-carne\/nuestro-saber-hacer\/\" \/>\n<meta property=\"og:locale\" content=\"es_ES\" \/>\n<meta property=\"og:type\" content=\"article\" \/>\n<meta property=\"og:title\" content=\"Nuestro saber hacer - Eurovo\" \/>\n<meta property=\"og:description\" content=\"Lactalis Feed d\u00e9veloppe des r\u00e9ponses sp\u00e9cifiques \u00e0 vos besoins : aliments d\u2019allaitements pour veaux de boucherie, veaux d\u2019\u00e9levage, agneaux, chevreaux et noyaux laitiers pour porcelets. Les gammes d\u2019aliments d\u2019allaitement EUROVO sont con\u00e7ues et \u00e9labor\u00e9es par nos soins, vous garantissent des performances technico-\u00e9conomiques optimales.\" \/>\n<meta property=\"og:url\" content=\"https:\/\/www.lactalisfeed.fr\/es\/terneros-de-carne\/nuestro-saber-hacer\/\" \/>\n<meta property=\"og:site_name\" content=\"Eurovo\" \/>\n<meta property=\"article:modified_time\" content=\"2021-02-08T16:20:34+00:00\" \/>\n<meta property=\"og:image\" content=\"https:\/\/www.lactalisfeed.fr\/wp-content\/uploads\/2020\/11\/veau-boucherie.jpg\" \/>\n\t<meta property=\"og:image:width\" content=\"1045\" \/>\n\t<meta property=\"og:image:height\" content=\"336\" \/>\n\t<meta property=\"og:image:type\" content=\"image\/jpeg\" \/>\n<meta name=\"twitter:card\" content=\"summary_large_image\" \/>\n<script type=\"application\/ld+json\" class=\"yoast-schema-graph\">{\"@context\":\"https:\/\/schema.org\",\"@graph\":[{\"@type\":\"WebPage\",\"@id\":\"https:\/\/www.lactalisfeed.fr\/es\/terneros-de-carne\/nuestro-saber-hacer\/\",\"url\":\"https:\/\/www.lactalisfeed.fr\/es\/terneros-de-carne\/nuestro-saber-hacer\/\",\"name\":\"Nuestro saber hacer - Eurovo\",\"isPartOf\":{\"@id\":\"https:\/\/www.lactalisfeed.fr\/es\/#website\"},\"primaryImageOfPage\":{\"@id\":\"https:\/\/www.lactalisfeed.fr\/es\/terneros-de-carne\/nuestro-saber-hacer\/#primaryimage\"},\"image\":{\"@id\":\"https:\/\/www.lactalisfeed.fr\/es\/terneros-de-carne\/nuestro-saber-hacer\/#primaryimage\"},\"thumbnailUrl\":\"https:\/\/www.lactalisfeed.fr\/wp-content\/uploads\/2020\/11\/veau-boucherie.jpg\",\"datePublished\":\"2020-01-08T10:51:31+00:00\",\"dateModified\":\"2021-02-08T16:20:34+00:00\",\"description\":\"Lactalis Feed d\u00e9veloppe des r\u00e9ponses sp\u00e9cifiques \u00e0 vos besoins : aliments d\u2019allaitements pour veaux de boucherie, veaux d\u2019\u00e9levage, agneaux, chevreaux et noyaux laitiers pour porcelets. Les gammes d\u2019aliments d\u2019allaitement EUROVO sont con\u00e7ues et \u00e9labor\u00e9es par nos soins, vous garantissent des performances technico-\u00e9conomiques optimales.\",\"breadcrumb\":{\"@id\":\"https:\/\/www.lactalisfeed.fr\/es\/terneros-de-carne\/nuestro-saber-hacer\/#breadcrumb\"},\"inLanguage\":\"es-ES\",\"potentialAction\":[{\"@type\":\"ReadAction\",\"target\":[\"https:\/\/www.lactalisfeed.fr\/es\/terneros-de-carne\/nuestro-saber-hacer\/\"]}]},{\"@type\":\"ImageObject\",\"inLanguage\":\"es-ES\",\"@id\":\"https:\/\/www.lactalisfeed.fr\/es\/terneros-de-carne\/nuestro-saber-hacer\/#primaryimage\",\"url\":\"https:\/\/www.lactalisfeed.fr\/wp-content\/uploads\/2020\/11\/veau-boucherie.jpg\",\"contentUrl\":\"https:\/\/www.lactalisfeed.fr\/wp-content\/uploads\/2020\/11\/veau-boucherie.jpg\",\"width\":1045,\"height\":336},{\"@type\":\"BreadcrumbList\",\"@id\":\"https:\/\/www.lactalisfeed.fr\/es\/terneros-de-carne\/nuestro-saber-hacer\/#breadcrumb\",\"itemListElement\":[{\"@type\":\"ListItem\",\"position\":1,\"name\":\"Accueil\",\"item\":\"https:\/\/www.lactalisfeed.fr\/es\/\"},{\"@type\":\"ListItem\",\"position\":2,\"name\":\"Terneros de carne\",\"item\":\"https:\/\/www.lactalisfeed.fr\/es\/terneros-de-carne\/\"},{\"@type\":\"ListItem\",\"position\":3,\"name\":\"Nuestro saber hacer\"}]},{\"@type\":\"WebSite\",\"@id\":\"https:\/\/www.lactalisfeed.fr\/es\/#website\",\"url\":\"https:\/\/www.lactalisfeed.fr\/es\/\",\"name\":\"Eurovo\",\"description\":\"Nourrir votre croissance\",\"potentialAction\":[{\"@type\":\"SearchAction\",\"target\":{\"@type\":\"EntryPoint\",\"urlTemplate\":\"https:\/\/www.lactalisfeed.fr\/es\/?s={search_term_string}\"},\"query-input\":{\"@type\":\"PropertyValueSpecification\",\"valueRequired\":true,\"valueName\":\"search_term_string\"}}],\"inLanguage\":\"es-ES\"}]}<\/script>\n<!-- \/ Yoast SEO plugin. -->","yoast_head_json":{"title":"Nuestro saber hacer - Eurovo","description":"Lactalis Feed d\u00e9veloppe des r\u00e9ponses sp\u00e9cifiques \u00e0 vos besoins : aliments d\u2019allaitements pour veaux de boucherie, veaux d\u2019\u00e9levage, agneaux, chevreaux et noyaux laitiers pour porcelets. Les gammes d\u2019aliments d\u2019allaitement EUROVO sont con\u00e7ues et \u00e9labor\u00e9es par nos soins, vous garantissent des performances technico-\u00e9conomiques optimales.","robots":{"index":"index","follow":"follow","max-snippet":"max-snippet:-1","max-image-preview":"max-image-preview:large","max-video-preview":"max-video-preview:-1"},"canonical":"https:\/\/www.lactalisfeed.fr\/es\/terneros-de-carne\/nuestro-saber-hacer\/","og_locale":"es_ES","og_type":"article","og_title":"Nuestro saber hacer - Eurovo","og_description":"Lactalis Feed d\u00e9veloppe des r\u00e9ponses sp\u00e9cifiques \u00e0 vos besoins : aliments d\u2019allaitements pour veaux de boucherie, veaux d\u2019\u00e9levage, agneaux, chevreaux et noyaux laitiers pour porcelets. Les gammes d\u2019aliments d\u2019allaitement EUROVO sont con\u00e7ues et \u00e9labor\u00e9es par nos soins, vous garantissent des performances technico-\u00e9conomiques optimales.","og_url":"https:\/\/www.lactalisfeed.fr\/es\/terneros-de-carne\/nuestro-saber-hacer\/","og_site_name":"Eurovo","article_modified_time":"2021-02-08T16:20:34+00:00","og_image":[{"width":1045,"height":336,"url":"https:\/\/www.lactalisfeed.fr\/wp-content\/uploads\/2020\/11\/veau-boucherie.jpg","type":"image\/jpeg"}],"twitter_card":"summary_large_image","schema":{"@context":"https:\/\/schema.org","@graph":[{"@type":"WebPage","@id":"https:\/\/www.lactalisfeed.fr\/es\/terneros-de-carne\/nuestro-saber-hacer\/","url":"https:\/\/www.lactalisfeed.fr\/es\/terneros-de-carne\/nuestro-saber-hacer\/","name":"Nuestro saber hacer - Eurovo","isPartOf":{"@id":"https:\/\/www.lactalisfeed.fr\/es\/#website"},"primaryImageOfPage":{"@id":"https:\/\/www.lactalisfeed.fr\/es\/terneros-de-carne\/nuestro-saber-hacer\/#primaryimage"},"image":{"@id":"https:\/\/www.lactalisfeed.fr\/es\/terneros-de-carne\/nuestro-saber-hacer\/#primaryimage"},"thumbnailUrl":"https:\/\/www.lactalisfeed.fr\/wp-content\/uploads\/2020\/11\/veau-boucherie.jpg","datePublished":"2020-01-08T10:51:31+00:00","dateModified":"2021-02-08T16:20:34+00:00","description":"Lactalis Feed d\u00e9veloppe des r\u00e9ponses sp\u00e9cifiques \u00e0 vos besoins : aliments d\u2019allaitements pour veaux de boucherie, veaux d\u2019\u00e9levage, agneaux, chevreaux et noyaux laitiers pour porcelets. Les gammes d\u2019aliments d\u2019allaitement EUROVO sont con\u00e7ues et \u00e9labor\u00e9es par nos soins, vous garantissent des performances technico-\u00e9conomiques optimales.","breadcrumb":{"@id":"https:\/\/www.lactalisfeed.fr\/es\/terneros-de-carne\/nuestro-saber-hacer\/#breadcrumb"},"inLanguage":"es-ES","potentialAction":[{"@type":"ReadAction","target":["https:\/\/www.lactalisfeed.fr\/es\/terneros-de-carne\/nuestro-saber-hacer\/"]}]},{"@type":"ImageObject","inLanguage":"es-ES","@id":"https:\/\/www.lactalisfeed.fr\/es\/terneros-de-carne\/nuestro-saber-hacer\/#primaryimage","url":"https:\/\/www.lactalisfeed.fr\/wp-content\/uploads\/2020\/11\/veau-boucherie.jpg","contentUrl":"https:\/\/www.lactalisfeed.fr\/wp-content\/uploads\/2020\/11\/veau-boucherie.jpg","width":1045,"height":336},{"@type":"BreadcrumbList","@id":"https:\/\/www.lactalisfeed.fr\/es\/terneros-de-carne\/nuestro-saber-hacer\/#breadcrumb","itemListElement":[{"@type":"ListItem","position":1,"name":"Accueil","item":"https:\/\/www.lactalisfeed.fr\/es\/"},{"@type":"ListItem","position":2,"name":"Terneros de carne","item":"https:\/\/www.lactalisfeed.fr\/es\/terneros-de-carne\/"},{"@type":"ListItem","position":3,"name":"Nuestro saber hacer"}]},{"@type":"WebSite","@id":"https:\/\/www.lactalisfeed.fr\/es\/#website","url":"https:\/\/www.lactalisfeed.fr\/es\/","name":"Eurovo","description":"Nourrir votre croissance","potentialAction":[{"@type":"SearchAction","target":{"@type":"EntryPoint","urlTemplate":"https:\/\/www.lactalisfeed.fr\/es\/?s={search_term_string}"},"query-input":{"@type":"PropertyValueSpecification","valueRequired":true,"valueName":"search_term_string"}}],"inLanguage":"es-ES"}]}},"_links":{"self":[{"href":"https:\/\/www.lactalisfeed.fr\/es\/wp-json\/wp\/v2\/pages\/2796","targetHints":{"allow":["GET"]}}],"collection":[{"href":"https:\/\/www.lactalisfeed.fr\/es\/wp-json\/wp\/v2\/pages"}],"about":[{"href":"https:\/\/www.lactalisfeed.fr\/es\/wp-json\/wp\/v2\/types\/page"}],"author":[{"embeddable":true,"href":"https:\/\/www.lactalisfeed.fr\/es\/wp-json\/wp\/v2\/users\/1"}],"replies":[{"embeddable":true,"href":"https:\/\/www.lactalisfeed.fr\/es\/wp-json\/wp\/v2\/comments?post=2796"}],"version-history":[{"count":2,"href":"https:\/\/www.lactalisfeed.fr\/es\/wp-json\/wp\/v2\/pages\/2796\/revisions"}],"predecessor-version":[{"id":3057,"href":"https:\/\/www.lactalisfeed.fr\/es\/wp-json\/wp\/v2\/pages\/2796\/revisions\/3057"}],"up":[{"embeddable":true,"href":"https:\/\/www.lactalisfeed.fr\/es\/wp-json\/wp\/v2\/pages\/2787"}],"wp:featuredmedia":[{"embeddable":true,"href":"https:\/\/www.lactalisfeed.fr\/es\/wp-json\/wp\/v2\/media\/1990"}],"wp:attachment":[{"href":"https:\/\/www.lactalisfeed.fr\/es\/wp-json\/wp\/v2\/media?parent=2796"}],"curies":[{"name":"wp","href":"https:\/\/api.w.org\/{rel}","templated":true}]}}