{"id":2733,"date":"2020-01-08T11:50:13","date_gmt":"2020-01-08T10:50:13","guid":{"rendered":"https:\/\/lactalisfeed.fr\/agneau-et-chevreau\/nos-produits\/"},"modified":"2021-02-08T17:19:10","modified_gmt":"2021-02-08T16:19:10","slug":"nuestros-productos","status":"publish","type":"page","link":"https:\/\/www.lactalisfeed.fr\/es\/corderos-y-cabritos\/nuestros-productos\/","title":{"rendered":"Nuestros productos"},"content":{"rendered":"\n<p>Gama de productos completa y adaptada a cada situaci\u00f3n<\/p>\n\n\n\n<p>Alimentos que responder\u00e1n a sus objetivos de crecimiento y de rendimiento.<\/p>\n","protected":false},"excerpt":{"rendered":"<p>Gama de productos completa y adaptada a cada situaci\u00f3n Alimentos que responder\u00e1n a sus objetivos de crecimiento y de rendimiento.<\/p>\n","protected":false},"author":1,"featured_media":1639,"parent":2731,"menu_order":0,"comment_status":"closed","ping_status":"closed","template":"template-page-flexible.php","meta":{"_acf_changed":false,"footnotes":""},"class_list":["post-2733","page","type-page","status-publish","has-post-thumbnail","hentry"],"acf":[],"yoast_head":"<!-- This site is optimized with the Yoast SEO plugin v27.5 - https:\/\/yoast.com\/product\/yoast-seo-wordpress\/ -->\n<title>Nuestros productos - Eurovo<\/title>\n<meta name=\"robots\" content=\"index, follow, max-snippet:-1, max-image-preview:large, max-video-preview:-1\" \/>\n<link rel=\"canonical\" href=\"https:\/\/www.lactalisfeed.fr\/es\/corderos-y-cabritos\/nuestros-productos\/\" \/>\n<meta property=\"og:locale\" content=\"es_ES\" \/>\n<meta property=\"og:type\" content=\"article\" \/>\n<meta property=\"og:title\" content=\"Nuestros productos - Eurovo\" \/>\n<meta property=\"og:description\" content=\"Gama de productos completa y adaptada a cada situaci\u00f3n Alimentos que responder\u00e1n a sus objetivos de crecimiento y de rendimiento.\" \/>\n<meta property=\"og:url\" content=\"https:\/\/www.lactalisfeed.fr\/es\/corderos-y-cabritos\/nuestros-productos\/\" \/>\n<meta property=\"og:site_name\" content=\"Eurovo\" \/>\n<meta property=\"article:modified_time\" content=\"2021-02-08T16:19:10+00:00\" \/>\n<meta property=\"og:image\" content=\"https:\/\/www.lactalisfeed.fr\/wp-content\/uploads\/2020\/05\/Lactalis-Elevages-caprins-343.png\" \/>\n\t<meta property=\"og:image:width\" content=\"1076\" \/>\n\t<meta property=\"og:image:height\" content=\"602\" \/>\n\t<meta property=\"og:image:type\" content=\"image\/png\" \/>\n<meta name=\"twitter:card\" content=\"summary_large_image\" \/>\n<meta name=\"twitter:label1\" content=\"Est. reading time\" \/>\n\t<meta name=\"twitter:data1\" content=\"1 minute\" \/>\n<script type=\"application\/ld+json\" class=\"yoast-schema-graph\">{\"@context\":\"https:\\\/\\\/schema.org\",\"@graph\":[{\"@type\":\"WebPage\",\"@id\":\"https:\\\/\\\/www.lactalisfeed.fr\\\/es\\\/corderos-y-cabritos\\\/nuestros-productos\\\/\",\"url\":\"https:\\\/\\\/www.lactalisfeed.fr\\\/es\\\/corderos-y-cabritos\\\/nuestros-productos\\\/\",\"name\":\"Nuestros productos - Eurovo\",\"isPartOf\":{\"@id\":\"https:\\\/\\\/www.lactalisfeed.fr\\\/es\\\/#website\"},\"primaryImageOfPage\":{\"@id\":\"https:\\\/\\\/www.lactalisfeed.fr\\\/es\\\/corderos-y-cabritos\\\/nuestros-productos\\\/#primaryimage\"},\"image\":{\"@id\":\"https:\\\/\\\/www.lactalisfeed.fr\\\/es\\\/corderos-y-cabritos\\\/nuestros-productos\\\/#primaryimage\"},\"thumbnailUrl\":\"https:\\\/\\\/www.lactalisfeed.fr\\\/wp-content\\\/uploads\\\/2020\\\/05\\\/Lactalis-Elevages-caprins-343.png\",\"datePublished\":\"2020-01-08T10:50:13+00:00\",\"dateModified\":\"2021-02-08T16:19:10+00:00\",\"breadcrumb\":{\"@id\":\"https:\\\/\\\/www.lactalisfeed.fr\\\/es\\\/corderos-y-cabritos\\\/nuestros-productos\\\/#breadcrumb\"},\"inLanguage\":\"es-ES\",\"potentialAction\":[{\"@type\":\"ReadAction\",\"target\":[\"https:\\\/\\\/www.lactalisfeed.fr\\\/es\\\/corderos-y-cabritos\\\/nuestros-productos\\\/\"]}]},{\"@type\":\"ImageObject\",\"inLanguage\":\"es-ES\",\"@id\":\"https:\\\/\\\/www.lactalisfeed.fr\\\/es\\\/corderos-y-cabritos\\\/nuestros-productos\\\/#primaryimage\",\"url\":\"https:\\\/\\\/www.lactalisfeed.fr\\\/wp-content\\\/uploads\\\/2020\\\/05\\\/Lactalis-Elevages-caprins-343.png\",\"contentUrl\":\"https:\\\/\\\/www.lactalisfeed.fr\\\/wp-content\\\/uploads\\\/2020\\\/05\\\/Lactalis-Elevages-caprins-343.png\",\"width\":1076,\"height\":602,\"caption\":\"Un travailleur agricole avance dans l\u2019\u00e9table pour nourrir les ch\u00e8vres \u00e0 l\u2019aide d\u2019un seau de la marque Eurovo.\"},{\"@type\":\"BreadcrumbList\",\"@id\":\"https:\\\/\\\/www.lactalisfeed.fr\\\/es\\\/corderos-y-cabritos\\\/nuestros-productos\\\/#breadcrumb\",\"itemListElement\":[{\"@type\":\"ListItem\",\"position\":1,\"name\":\"Accueil\",\"item\":\"https:\\\/\\\/www.lactalisfeed.fr\\\/es\\\/\"},{\"@type\":\"ListItem\",\"position\":2,\"name\":\"Corderos y cabritos\",\"item\":\"https:\\\/\\\/www.lactalisfeed.fr\\\/es\\\/corderos-y-cabritos\\\/\"},{\"@type\":\"ListItem\",\"position\":3,\"name\":\"Nuestros productos\"}]},{\"@type\":\"WebSite\",\"@id\":\"https:\\\/\\\/www.lactalisfeed.fr\\\/es\\\/#website\",\"url\":\"https:\\\/\\\/www.lactalisfeed.fr\\\/es\\\/\",\"name\":\"Eurovo\",\"description\":\"Nourrir votre croissance\",\"potentialAction\":[{\"@type\":\"SearchAction\",\"target\":{\"@type\":\"EntryPoint\",\"urlTemplate\":\"https:\\\/\\\/www.lactalisfeed.fr\\\/es\\\/?s={search_term_string}\"},\"query-input\":{\"@type\":\"PropertyValueSpecification\",\"valueRequired\":true,\"valueName\":\"search_term_string\"}}],\"inLanguage\":\"es-ES\"}]}<\/script>\n<!-- \/ Yoast SEO plugin. -->","yoast_head_json":{"title":"Nuestros productos - Eurovo","robots":{"index":"index","follow":"follow","max-snippet":"max-snippet:-1","max-image-preview":"max-image-preview:large","max-video-preview":"max-video-preview:-1"},"canonical":"https:\/\/www.lactalisfeed.fr\/es\/corderos-y-cabritos\/nuestros-productos\/","og_locale":"es_ES","og_type":"article","og_title":"Nuestros productos - Eurovo","og_description":"Gama de productos completa y adaptada a cada situaci\u00f3n Alimentos que responder\u00e1n a sus objetivos de crecimiento y de rendimiento.","og_url":"https:\/\/www.lactalisfeed.fr\/es\/corderos-y-cabritos\/nuestros-productos\/","og_site_name":"Eurovo","article_modified_time":"2021-02-08T16:19:10+00:00","og_image":[{"width":1076,"height":602,"url":"https:\/\/www.lactalisfeed.fr\/wp-content\/uploads\/2020\/05\/Lactalis-Elevages-caprins-343.png","type":"image\/png"}],"twitter_card":"summary_large_image","twitter_misc":{"Est. reading time":"1 minute"},"schema":{"@context":"https:\/\/schema.org","@graph":[{"@type":"WebPage","@id":"https:\/\/www.lactalisfeed.fr\/es\/corderos-y-cabritos\/nuestros-productos\/","url":"https:\/\/www.lactalisfeed.fr\/es\/corderos-y-cabritos\/nuestros-productos\/","name":"Nuestros productos - Eurovo","isPartOf":{"@id":"https:\/\/www.lactalisfeed.fr\/es\/#website"},"primaryImageOfPage":{"@id":"https:\/\/www.lactalisfeed.fr\/es\/corderos-y-cabritos\/nuestros-productos\/#primaryimage"},"image":{"@id":"https:\/\/www.lactalisfeed.fr\/es\/corderos-y-cabritos\/nuestros-productos\/#primaryimage"},"thumbnailUrl":"https:\/\/www.lactalisfeed.fr\/wp-content\/uploads\/2020\/05\/Lactalis-Elevages-caprins-343.png","datePublished":"2020-01-08T10:50:13+00:00","dateModified":"2021-02-08T16:19:10+00:00","breadcrumb":{"@id":"https:\/\/www.lactalisfeed.fr\/es\/corderos-y-cabritos\/nuestros-productos\/#breadcrumb"},"inLanguage":"es-ES","potentialAction":[{"@type":"ReadAction","target":["https:\/\/www.lactalisfeed.fr\/es\/corderos-y-cabritos\/nuestros-productos\/"]}]},{"@type":"ImageObject","inLanguage":"es-ES","@id":"https:\/\/www.lactalisfeed.fr\/es\/corderos-y-cabritos\/nuestros-productos\/#primaryimage","url":"https:\/\/www.lactalisfeed.fr\/wp-content\/uploads\/2020\/05\/Lactalis-Elevages-caprins-343.png","contentUrl":"https:\/\/www.lactalisfeed.fr\/wp-content\/uploads\/2020\/05\/Lactalis-Elevages-caprins-343.png","width":1076,"height":602,"caption":"Un travailleur agricole avance dans l\u2019\u00e9table pour nourrir les ch\u00e8vres \u00e0 l\u2019aide d\u2019un seau de la marque Eurovo."},{"@type":"BreadcrumbList","@id":"https:\/\/www.lactalisfeed.fr\/es\/corderos-y-cabritos\/nuestros-productos\/#breadcrumb","itemListElement":[{"@type":"ListItem","position":1,"name":"Accueil","item":"https:\/\/www.lactalisfeed.fr\/es\/"},{"@type":"ListItem","position":2,"name":"Corderos y cabritos","item":"https:\/\/www.lactalisfeed.fr\/es\/corderos-y-cabritos\/"},{"@type":"ListItem","position":3,"name":"Nuestros productos"}]},{"@type":"WebSite","@id":"https:\/\/www.lactalisfeed.fr\/es\/#website","url":"https:\/\/www.lactalisfeed.fr\/es\/","name":"Eurovo","description":"Nourrir votre croissance","potentialAction":[{"@type":"SearchAction","target":{"@type":"EntryPoint","urlTemplate":"https:\/\/www.lactalisfeed.fr\/es\/?s={search_term_string}"},"query-input":{"@type":"PropertyValueSpecification","valueRequired":true,"valueName":"search_term_string"}}],"inLanguage":"es-ES"}]}},"_links":{"self":[{"href":"https:\/\/www.lactalisfeed.fr\/es\/wp-json\/wp\/v2\/pages\/2733","targetHints":{"allow":["GET"]}}],"collection":[{"href":"https:\/\/www.lactalisfeed.fr\/es\/wp-json\/wp\/v2\/pages"}],"about":[{"href":"https:\/\/www.lactalisfeed.fr\/es\/wp-json\/wp\/v2\/types\/page"}],"author":[{"embeddable":true,"href":"https:\/\/www.lactalisfeed.fr\/es\/wp-json\/wp\/v2\/users\/1"}],"replies":[{"embeddable":true,"href":"https:\/\/www.lactalisfeed.fr\/es\/wp-json\/wp\/v2\/comments?post=2733"}],"version-history":[{"count":2,"href":"https:\/\/www.lactalisfeed.fr\/es\/wp-json\/wp\/v2\/pages\/2733\/revisions"}],"predecessor-version":[{"id":2985,"href":"https:\/\/www.lactalisfeed.fr\/es\/wp-json\/wp\/v2\/pages\/2733\/revisions\/2985"}],"up":[{"embeddable":true,"href":"https:\/\/www.lactalisfeed.fr\/es\/wp-json\/wp\/v2\/pages\/2731"}],"wp:featuredmedia":[{"embeddable":true,"href":"https:\/\/www.lactalisfeed.fr\/es\/wp-json\/wp\/v2\/media\/1639"}],"wp:attachment":[{"href":"https:\/\/www.lactalisfeed.fr\/es\/wp-json\/wp\/v2\/media?parent=2733"}],"curies":[{"name":"wp","href":"https:\/\/api.w.org\/{rel}","templated":true}]}}