{"id":2729,"date":"2018-10-11T17:21:18","date_gmt":"2018-10-11T15:21:18","guid":{"rendered":"https:\/\/lactalisfeed.fr\/accueil\/"},"modified":"2021-04-15T15:58:13","modified_gmt":"2021-04-15T13:58:13","slug":"inicio","status":"publish","type":"page","link":"https:\/\/www.lactalisfeed.fr\/es\/","title":{"rendered":"Inicio"},"content":{"rendered":"","protected":false},"excerpt":{"rendered":"","protected":false},"author":1,"featured_media":0,"parent":0,"menu_order":0,"comment_status":"closed","ping_status":"closed","template":"","meta":{"_acf_changed":false,"footnotes":""},"class_list":["post-2729","page","type-page","status-publish","hentry"],"acf":[],"yoast_head":"<!-- This site is optimized with the Yoast SEO plugin v27.1.1 - https:\/\/yoast.com\/product\/yoast-seo-wordpress\/ -->\n<title>Eurovo - Nourrir votre croissance<\/title>\n<meta name=\"description\" content=\"Lactalis Feed: la infancia de la cr\u00edaLactalis Feed, como parte del grupo Lactalis, le ofrece una amplia gama de ingredientes l\u00e1cteos y un saber hacer \u00fanico en materia de tecnolog\u00edas especializadas en el sector.\" \/>\n<meta name=\"robots\" content=\"index, follow, max-snippet:-1, max-image-preview:large, max-video-preview:-1\" \/>\n<link rel=\"canonical\" href=\"https:\/\/www.lactalisfeed.fr\/es\/\" \/>\n<meta property=\"og:locale\" content=\"es_ES\" \/>\n<meta property=\"og:type\" content=\"article\" \/>\n<meta property=\"og:title\" content=\"Eurovo - Nourrir votre croissance\" \/>\n<meta property=\"og:description\" content=\"Lactalis Feed: la infancia de la cr\u00edaLactalis Feed, como parte del grupo Lactalis, le ofrece una amplia gama de ingredientes l\u00e1cteos y un saber hacer \u00fanico en materia de tecnolog\u00edas especializadas en el sector.\" \/>\n<meta property=\"og:url\" content=\"https:\/\/www.lactalisfeed.fr\/es\/\" \/>\n<meta property=\"og:site_name\" content=\"Eurovo\" \/>\n<meta property=\"article:modified_time\" content=\"2021-04-15T13:58:13+00:00\" \/>\n<meta name=\"twitter:card\" content=\"summary_large_image\" \/>\n<script type=\"application\/ld+json\" class=\"yoast-schema-graph\">{\"@context\":\"https:\/\/schema.org\",\"@graph\":[{\"@type\":\"WebPage\",\"@id\":\"https:\/\/www.lactalisfeed.fr\/es\/\",\"url\":\"https:\/\/www.lactalisfeed.fr\/es\/\",\"name\":\"Eurovo - Nourrir votre croissance\",\"isPartOf\":{\"@id\":\"https:\/\/www.lactalisfeed.fr\/es\/#website\"},\"datePublished\":\"2018-10-11T15:21:18+00:00\",\"dateModified\":\"2021-04-15T13:58:13+00:00\",\"description\":\"Lactalis Feed: la infancia de la cr\u00edaLactalis Feed, como parte del grupo Lactalis, le ofrece una amplia gama de ingredientes l\u00e1cteos y un saber hacer \u00fanico en materia de tecnolog\u00edas especializadas en el sector.\",\"breadcrumb\":{\"@id\":\"https:\/\/www.lactalisfeed.fr\/es\/#breadcrumb\"},\"inLanguage\":\"es-ES\",\"potentialAction\":[{\"@type\":\"ReadAction\",\"target\":[\"https:\/\/www.lactalisfeed.fr\/es\/\"]}]},{\"@type\":\"BreadcrumbList\",\"@id\":\"https:\/\/www.lactalisfeed.fr\/es\/#breadcrumb\",\"itemListElement\":[{\"@type\":\"ListItem\",\"position\":1,\"name\":\"Accueil\",\"item\":\"https:\/\/www.lactalisfeed.fr\/es\/\"},{\"@type\":\"ListItem\",\"position\":2,\"name\":\"Inicio\"}]},{\"@type\":\"WebSite\",\"@id\":\"https:\/\/www.lactalisfeed.fr\/es\/#website\",\"url\":\"https:\/\/www.lactalisfeed.fr\/es\/\",\"name\":\"Eurovo\",\"description\":\"Nourrir votre croissance\",\"potentialAction\":[{\"@type\":\"SearchAction\",\"target\":{\"@type\":\"EntryPoint\",\"urlTemplate\":\"https:\/\/www.lactalisfeed.fr\/es\/?s={search_term_string}\"},\"query-input\":{\"@type\":\"PropertyValueSpecification\",\"valueRequired\":true,\"valueName\":\"search_term_string\"}}],\"inLanguage\":\"es-ES\"}]}<\/script>\n<!-- \/ Yoast SEO plugin. -->","yoast_head_json":{"title":"Eurovo - Nourrir votre croissance","description":"Lactalis Feed: la infancia de la cr\u00edaLactalis Feed, como parte del grupo Lactalis, le ofrece una amplia gama de ingredientes l\u00e1cteos y un saber hacer \u00fanico en materia de tecnolog\u00edas especializadas en el sector.","robots":{"index":"index","follow":"follow","max-snippet":"max-snippet:-1","max-image-preview":"max-image-preview:large","max-video-preview":"max-video-preview:-1"},"canonical":"https:\/\/www.lactalisfeed.fr\/es\/","og_locale":"es_ES","og_type":"article","og_title":"Eurovo - Nourrir votre croissance","og_description":"Lactalis Feed: la infancia de la cr\u00edaLactalis Feed, como parte del grupo Lactalis, le ofrece una amplia gama de ingredientes l\u00e1cteos y un saber hacer \u00fanico en materia de tecnolog\u00edas especializadas en el sector.","og_url":"https:\/\/www.lactalisfeed.fr\/es\/","og_site_name":"Eurovo","article_modified_time":"2021-04-15T13:58:13+00:00","twitter_card":"summary_large_image","schema":{"@context":"https:\/\/schema.org","@graph":[{"@type":"WebPage","@id":"https:\/\/www.lactalisfeed.fr\/es\/","url":"https:\/\/www.lactalisfeed.fr\/es\/","name":"Eurovo - Nourrir votre croissance","isPartOf":{"@id":"https:\/\/www.lactalisfeed.fr\/es\/#website"},"datePublished":"2018-10-11T15:21:18+00:00","dateModified":"2021-04-15T13:58:13+00:00","description":"Lactalis Feed: la infancia de la cr\u00edaLactalis Feed, como parte del grupo Lactalis, le ofrece una amplia gama de ingredientes l\u00e1cteos y un saber hacer \u00fanico en materia de tecnolog\u00edas especializadas en el sector.","breadcrumb":{"@id":"https:\/\/www.lactalisfeed.fr\/es\/#breadcrumb"},"inLanguage":"es-ES","potentialAction":[{"@type":"ReadAction","target":["https:\/\/www.lactalisfeed.fr\/es\/"]}]},{"@type":"BreadcrumbList","@id":"https:\/\/www.lactalisfeed.fr\/es\/#breadcrumb","itemListElement":[{"@type":"ListItem","position":1,"name":"Accueil","item":"https:\/\/www.lactalisfeed.fr\/es\/"},{"@type":"ListItem","position":2,"name":"Inicio"}]},{"@type":"WebSite","@id":"https:\/\/www.lactalisfeed.fr\/es\/#website","url":"https:\/\/www.lactalisfeed.fr\/es\/","name":"Eurovo","description":"Nourrir votre croissance","potentialAction":[{"@type":"SearchAction","target":{"@type":"EntryPoint","urlTemplate":"https:\/\/www.lactalisfeed.fr\/es\/?s={search_term_string}"},"query-input":{"@type":"PropertyValueSpecification","valueRequired":true,"valueName":"search_term_string"}}],"inLanguage":"es-ES"}]}},"_links":{"self":[{"href":"https:\/\/www.lactalisfeed.fr\/es\/wp-json\/wp\/v2\/pages\/2729","targetHints":{"allow":["GET"]}}],"collection":[{"href":"https:\/\/www.lactalisfeed.fr\/es\/wp-json\/wp\/v2\/pages"}],"about":[{"href":"https:\/\/www.lactalisfeed.fr\/es\/wp-json\/wp\/v2\/types\/page"}],"author":[{"embeddable":true,"href":"https:\/\/www.lactalisfeed.fr\/es\/wp-json\/wp\/v2\/users\/1"}],"replies":[{"embeddable":true,"href":"https:\/\/www.lactalisfeed.fr\/es\/wp-json\/wp\/v2\/comments?post=2729"}],"version-history":[{"count":7,"href":"https:\/\/www.lactalisfeed.fr\/es\/wp-json\/wp\/v2\/pages\/2729\/revisions"}],"predecessor-version":[{"id":3456,"href":"https:\/\/www.lactalisfeed.fr\/es\/wp-json\/wp\/v2\/pages\/2729\/revisions\/3456"}],"wp:attachment":[{"href":"https:\/\/www.lactalisfeed.fr\/es\/wp-json\/wp\/v2\/media?parent=2729"}],"curies":[{"name":"wp","href":"https:\/\/api.w.org\/{rel}","templated":true}]}}