{"id":2477,"date":"2020-01-08T11:51:31","date_gmt":"2020-01-08T10:51:31","guid":{"rendered":"https:\/\/lactalisfeed.fr\/veau-de-boucherie\/notre-expertise\/"},"modified":"2021-02-02T16:36:17","modified_gmt":"2021-02-02T15:36:17","slug":"notre-expertise","status":"publish","type":"page","link":"https:\/\/www.lactalisfeed.fr\/en\/veal-calves\/notre-expertise\/","title":{"rendered":"Our expertise"},"content":{"rendered":"","protected":false},"excerpt":{"rendered":"","protected":false},"author":1,"featured_media":1988,"parent":2475,"menu_order":0,"comment_status":"closed","ping_status":"closed","template":"template-page-flexible.php","meta":{"_acf_changed":false,"footnotes":""},"class_list":["post-2477","page","type-page","status-publish","has-post-thumbnail","hentry"],"acf":[],"yoast_head":"<!-- This site is optimized with the Yoast SEO plugin v27.1.1 - https:\/\/yoast.com\/product\/yoast-seo-wordpress\/ -->\n<title>Our expertise - Eurovo<\/title>\n<meta name=\"description\" content=\"Lactalis Feed d\u00e9veloppe des r\u00e9ponses sp\u00e9cifiques \u00e0 vos besoins : aliments d\u2019allaitements pour veaux de boucherie, veaux d\u2019\u00e9levage, agneaux, chevreaux et noyaux laitiers pour porcelets. Les gammes d\u2019aliments d\u2019allaitement EUROVO sont con\u00e7ues et \u00e9labor\u00e9es par nos soins, vous garantissent des performances technico-\u00e9conomiques optimales.\" \/>\n<meta name=\"robots\" content=\"index, follow, max-snippet:-1, max-image-preview:large, max-video-preview:-1\" \/>\n<link rel=\"canonical\" href=\"https:\/\/www.lactalisfeed.fr\/en\/veal-calves\/notre-expertise\/\" \/>\n<meta property=\"og:locale\" content=\"en_US\" \/>\n<meta property=\"og:type\" content=\"article\" \/>\n<meta property=\"og:title\" content=\"Our expertise - Eurovo\" \/>\n<meta property=\"og:description\" content=\"Lactalis Feed d\u00e9veloppe des r\u00e9ponses sp\u00e9cifiques \u00e0 vos besoins : aliments d\u2019allaitements pour veaux de boucherie, veaux d\u2019\u00e9levage, agneaux, chevreaux et noyaux laitiers pour porcelets. Les gammes d\u2019aliments d\u2019allaitement EUROVO sont con\u00e7ues et \u00e9labor\u00e9es par nos soins, vous garantissent des performances technico-\u00e9conomiques optimales.\" \/>\n<meta property=\"og:url\" content=\"https:\/\/www.lactalisfeed.fr\/en\/veal-calves\/notre-expertise\/\" \/>\n<meta property=\"og:site_name\" content=\"Eurovo\" \/>\n<meta property=\"article:modified_time\" content=\"2021-02-02T15:36:17+00:00\" \/>\n<meta property=\"og:image\" content=\"https:\/\/www.lactalisfeed.fr\/wp-content\/uploads\/2020\/11\/veau-boucherie.jpg\" \/>\n\t<meta property=\"og:image:width\" content=\"1045\" \/>\n\t<meta property=\"og:image:height\" content=\"336\" \/>\n\t<meta property=\"og:image:type\" content=\"image\/jpeg\" \/>\n<meta name=\"twitter:card\" content=\"summary_large_image\" \/>\n<script type=\"application\/ld+json\" class=\"yoast-schema-graph\">{\"@context\":\"https:\/\/schema.org\",\"@graph\":[{\"@type\":\"WebPage\",\"@id\":\"https:\/\/www.lactalisfeed.fr\/en\/veal-calves\/notre-expertise\/\",\"url\":\"https:\/\/www.lactalisfeed.fr\/en\/veal-calves\/notre-expertise\/\",\"name\":\"Our expertise - Eurovo\",\"isPartOf\":{\"@id\":\"https:\/\/www.lactalisfeed.fr\/en\/#website\"},\"primaryImageOfPage\":{\"@id\":\"https:\/\/www.lactalisfeed.fr\/en\/veal-calves\/notre-expertise\/#primaryimage\"},\"image\":{\"@id\":\"https:\/\/www.lactalisfeed.fr\/en\/veal-calves\/notre-expertise\/#primaryimage\"},\"thumbnailUrl\":\"https:\/\/www.lactalisfeed.fr\/wp-content\/uploads\/2020\/11\/veau-boucherie.jpg\",\"datePublished\":\"2020-01-08T10:51:31+00:00\",\"dateModified\":\"2021-02-02T15:36:17+00:00\",\"description\":\"Lactalis Feed d\u00e9veloppe des r\u00e9ponses sp\u00e9cifiques \u00e0 vos besoins : aliments d\u2019allaitements pour veaux de boucherie, veaux d\u2019\u00e9levage, agneaux, chevreaux et noyaux laitiers pour porcelets. Les gammes d\u2019aliments d\u2019allaitement EUROVO sont con\u00e7ues et \u00e9labor\u00e9es par nos soins, vous garantissent des performances technico-\u00e9conomiques optimales.\",\"breadcrumb\":{\"@id\":\"https:\/\/www.lactalisfeed.fr\/en\/veal-calves\/notre-expertise\/#breadcrumb\"},\"inLanguage\":\"en-US\",\"potentialAction\":[{\"@type\":\"ReadAction\",\"target\":[\"https:\/\/www.lactalisfeed.fr\/en\/veal-calves\/notre-expertise\/\"]}]},{\"@type\":\"ImageObject\",\"inLanguage\":\"en-US\",\"@id\":\"https:\/\/www.lactalisfeed.fr\/en\/veal-calves\/notre-expertise\/#primaryimage\",\"url\":\"https:\/\/www.lactalisfeed.fr\/wp-content\/uploads\/2020\/11\/veau-boucherie.jpg\",\"contentUrl\":\"https:\/\/www.lactalisfeed.fr\/wp-content\/uploads\/2020\/11\/veau-boucherie.jpg\",\"width\":1045,\"height\":336},{\"@type\":\"BreadcrumbList\",\"@id\":\"https:\/\/www.lactalisfeed.fr\/en\/veal-calves\/notre-expertise\/#breadcrumb\",\"itemListElement\":[{\"@type\":\"ListItem\",\"position\":1,\"name\":\"Home\",\"item\":\"https:\/\/www.lactalisfeed.fr\/en\/\"},{\"@type\":\"ListItem\",\"position\":2,\"name\":\"Veal calves\",\"item\":\"https:\/\/www.lactalisfeed.fr\/en\/veal-calves\/\"},{\"@type\":\"ListItem\",\"position\":3,\"name\":\"Our expertise\"}]},{\"@type\":\"WebSite\",\"@id\":\"https:\/\/www.lactalisfeed.fr\/en\/#website\",\"url\":\"https:\/\/www.lactalisfeed.fr\/en\/\",\"name\":\"Eurovo\",\"description\":\"Nourrir votre croissance\",\"potentialAction\":[{\"@type\":\"SearchAction\",\"target\":{\"@type\":\"EntryPoint\",\"urlTemplate\":\"https:\/\/www.lactalisfeed.fr\/en\/?s={search_term_string}\"},\"query-input\":{\"@type\":\"PropertyValueSpecification\",\"valueRequired\":true,\"valueName\":\"search_term_string\"}}],\"inLanguage\":\"en-US\"}]}<\/script>\n<!-- \/ Yoast SEO plugin. -->","yoast_head_json":{"title":"Our expertise - Eurovo","description":"Lactalis Feed d\u00e9veloppe des r\u00e9ponses sp\u00e9cifiques \u00e0 vos besoins : aliments d\u2019allaitements pour veaux de boucherie, veaux d\u2019\u00e9levage, agneaux, chevreaux et noyaux laitiers pour porcelets. Les gammes d\u2019aliments d\u2019allaitement EUROVO sont con\u00e7ues et \u00e9labor\u00e9es par nos soins, vous garantissent des performances technico-\u00e9conomiques optimales.","robots":{"index":"index","follow":"follow","max-snippet":"max-snippet:-1","max-image-preview":"max-image-preview:large","max-video-preview":"max-video-preview:-1"},"canonical":"https:\/\/www.lactalisfeed.fr\/en\/veal-calves\/notre-expertise\/","og_locale":"en_US","og_type":"article","og_title":"Our expertise - Eurovo","og_description":"Lactalis Feed d\u00e9veloppe des r\u00e9ponses sp\u00e9cifiques \u00e0 vos besoins : aliments d\u2019allaitements pour veaux de boucherie, veaux d\u2019\u00e9levage, agneaux, chevreaux et noyaux laitiers pour porcelets. Les gammes d\u2019aliments d\u2019allaitement EUROVO sont con\u00e7ues et \u00e9labor\u00e9es par nos soins, vous garantissent des performances technico-\u00e9conomiques optimales.","og_url":"https:\/\/www.lactalisfeed.fr\/en\/veal-calves\/notre-expertise\/","og_site_name":"Eurovo","article_modified_time":"2021-02-02T15:36:17+00:00","og_image":[{"width":1045,"height":336,"url":"https:\/\/www.lactalisfeed.fr\/wp-content\/uploads\/2020\/11\/veau-boucherie.jpg","type":"image\/jpeg"}],"twitter_card":"summary_large_image","schema":{"@context":"https:\/\/schema.org","@graph":[{"@type":"WebPage","@id":"https:\/\/www.lactalisfeed.fr\/en\/veal-calves\/notre-expertise\/","url":"https:\/\/www.lactalisfeed.fr\/en\/veal-calves\/notre-expertise\/","name":"Our expertise - Eurovo","isPartOf":{"@id":"https:\/\/www.lactalisfeed.fr\/en\/#website"},"primaryImageOfPage":{"@id":"https:\/\/www.lactalisfeed.fr\/en\/veal-calves\/notre-expertise\/#primaryimage"},"image":{"@id":"https:\/\/www.lactalisfeed.fr\/en\/veal-calves\/notre-expertise\/#primaryimage"},"thumbnailUrl":"https:\/\/www.lactalisfeed.fr\/wp-content\/uploads\/2020\/11\/veau-boucherie.jpg","datePublished":"2020-01-08T10:51:31+00:00","dateModified":"2021-02-02T15:36:17+00:00","description":"Lactalis Feed d\u00e9veloppe des r\u00e9ponses sp\u00e9cifiques \u00e0 vos besoins : aliments d\u2019allaitements pour veaux de boucherie, veaux d\u2019\u00e9levage, agneaux, chevreaux et noyaux laitiers pour porcelets. Les gammes d\u2019aliments d\u2019allaitement EUROVO sont con\u00e7ues et \u00e9labor\u00e9es par nos soins, vous garantissent des performances technico-\u00e9conomiques optimales.","breadcrumb":{"@id":"https:\/\/www.lactalisfeed.fr\/en\/veal-calves\/notre-expertise\/#breadcrumb"},"inLanguage":"en-US","potentialAction":[{"@type":"ReadAction","target":["https:\/\/www.lactalisfeed.fr\/en\/veal-calves\/notre-expertise\/"]}]},{"@type":"ImageObject","inLanguage":"en-US","@id":"https:\/\/www.lactalisfeed.fr\/en\/veal-calves\/notre-expertise\/#primaryimage","url":"https:\/\/www.lactalisfeed.fr\/wp-content\/uploads\/2020\/11\/veau-boucherie.jpg","contentUrl":"https:\/\/www.lactalisfeed.fr\/wp-content\/uploads\/2020\/11\/veau-boucherie.jpg","width":1045,"height":336},{"@type":"BreadcrumbList","@id":"https:\/\/www.lactalisfeed.fr\/en\/veal-calves\/notre-expertise\/#breadcrumb","itemListElement":[{"@type":"ListItem","position":1,"name":"Home","item":"https:\/\/www.lactalisfeed.fr\/en\/"},{"@type":"ListItem","position":2,"name":"Veal calves","item":"https:\/\/www.lactalisfeed.fr\/en\/veal-calves\/"},{"@type":"ListItem","position":3,"name":"Our expertise"}]},{"@type":"WebSite","@id":"https:\/\/www.lactalisfeed.fr\/en\/#website","url":"https:\/\/www.lactalisfeed.fr\/en\/","name":"Eurovo","description":"Nourrir votre croissance","potentialAction":[{"@type":"SearchAction","target":{"@type":"EntryPoint","urlTemplate":"https:\/\/www.lactalisfeed.fr\/en\/?s={search_term_string}"},"query-input":{"@type":"PropertyValueSpecification","valueRequired":true,"valueName":"search_term_string"}}],"inLanguage":"en-US"}]}},"_links":{"self":[{"href":"https:\/\/www.lactalisfeed.fr\/en\/wp-json\/wp\/v2\/pages\/2477","targetHints":{"allow":["GET"]}}],"collection":[{"href":"https:\/\/www.lactalisfeed.fr\/en\/wp-json\/wp\/v2\/pages"}],"about":[{"href":"https:\/\/www.lactalisfeed.fr\/en\/wp-json\/wp\/v2\/types\/page"}],"author":[{"embeddable":true,"href":"https:\/\/www.lactalisfeed.fr\/en\/wp-json\/wp\/v2\/users\/1"}],"replies":[{"embeddable":true,"href":"https:\/\/www.lactalisfeed.fr\/en\/wp-json\/wp\/v2\/comments?post=2477"}],"version-history":[{"count":2,"href":"https:\/\/www.lactalisfeed.fr\/en\/wp-json\/wp\/v2\/pages\/2477\/revisions"}],"predecessor-version":[{"id":2484,"href":"https:\/\/www.lactalisfeed.fr\/en\/wp-json\/wp\/v2\/pages\/2477\/revisions\/2484"}],"up":[{"embeddable":true,"href":"https:\/\/www.lactalisfeed.fr\/en\/wp-json\/wp\/v2\/pages\/2475"}],"wp:featuredmedia":[{"embeddable":true,"href":"https:\/\/www.lactalisfeed.fr\/en\/wp-json\/wp\/v2\/media\/1988"}],"wp:attachment":[{"href":"https:\/\/www.lactalisfeed.fr\/en\/wp-json\/wp\/v2\/media?parent=2477"}],"curies":[{"name":"wp","href":"https:\/\/api.w.org\/{rel}","templated":true}]}}