{"id":2423,"date":"2020-01-08T11:50:13","date_gmt":"2020-01-08T10:50:13","guid":{"rendered":"https:\/\/lactalisfeed.fr\/agneau-et-chevreau\/nos-produits\/"},"modified":"2021-02-03T17:34:19","modified_gmt":"2021-02-03T16:34:19","slug":"our-products","status":"publish","type":"page","link":"https:\/\/www.lactalisfeed.fr\/en\/lambs-and-kids\/our-products\/","title":{"rendered":"Our products"},"content":{"rendered":"\n<p>A complete range of products adapted to each situation.<\/p>\n\n\n\n<p>Feeds that support your growth and performance goals.<\/p>\n","protected":false},"excerpt":{"rendered":"<p>A complete range of products adapted to each situation. Feeds that support your growth and performance goals.<\/p>\n","protected":false},"author":1,"featured_media":1637,"parent":2421,"menu_order":0,"comment_status":"closed","ping_status":"closed","template":"template-page-flexible.php","meta":{"_acf_changed":false,"footnotes":""},"class_list":["post-2423","page","type-page","status-publish","has-post-thumbnail","hentry"],"acf":[],"yoast_head":"<!-- This site is optimized with the Yoast SEO plugin v27.5 - https:\/\/yoast.com\/product\/yoast-seo-wordpress\/ -->\n<title>Our products - Eurovo<\/title>\n<meta name=\"robots\" content=\"index, follow, max-snippet:-1, max-image-preview:large, max-video-preview:-1\" \/>\n<link rel=\"canonical\" href=\"https:\/\/www.lactalisfeed.fr\/en\/lambs-and-kids\/our-products\/\" \/>\n<meta property=\"og:locale\" content=\"en_US\" \/>\n<meta property=\"og:type\" content=\"article\" \/>\n<meta property=\"og:title\" content=\"Our products - Eurovo\" \/>\n<meta property=\"og:description\" content=\"A complete range of products adapted to each situation. Feeds that support your growth and performance goals.\" \/>\n<meta property=\"og:url\" content=\"https:\/\/www.lactalisfeed.fr\/en\/lambs-and-kids\/our-products\/\" \/>\n<meta property=\"og:site_name\" content=\"Eurovo\" \/>\n<meta property=\"article:modified_time\" content=\"2021-02-03T16:34:19+00:00\" \/>\n<meta property=\"og:image\" content=\"https:\/\/www.lactalisfeed.fr\/wp-content\/uploads\/2020\/05\/Lactalis-Elevages-caprins-343.png\" \/>\n\t<meta property=\"og:image:width\" content=\"1076\" \/>\n\t<meta property=\"og:image:height\" content=\"602\" \/>\n\t<meta property=\"og:image:type\" content=\"image\/png\" \/>\n<meta name=\"twitter:card\" content=\"summary_large_image\" \/>\n<meta name=\"twitter:label1\" content=\"Est. reading time\" \/>\n\t<meta name=\"twitter:data1\" content=\"1 minute\" \/>\n<script type=\"application\/ld+json\" class=\"yoast-schema-graph\">{\"@context\":\"https:\\\/\\\/schema.org\",\"@graph\":[{\"@type\":\"WebPage\",\"@id\":\"https:\\\/\\\/www.lactalisfeed.fr\\\/en\\\/lambs-and-kids\\\/our-products\\\/\",\"url\":\"https:\\\/\\\/www.lactalisfeed.fr\\\/en\\\/lambs-and-kids\\\/our-products\\\/\",\"name\":\"Our products - Eurovo\",\"isPartOf\":{\"@id\":\"https:\\\/\\\/www.lactalisfeed.fr\\\/en\\\/#website\"},\"primaryImageOfPage\":{\"@id\":\"https:\\\/\\\/www.lactalisfeed.fr\\\/en\\\/lambs-and-kids\\\/our-products\\\/#primaryimage\"},\"image\":{\"@id\":\"https:\\\/\\\/www.lactalisfeed.fr\\\/en\\\/lambs-and-kids\\\/our-products\\\/#primaryimage\"},\"thumbnailUrl\":\"https:\\\/\\\/www.lactalisfeed.fr\\\/wp-content\\\/uploads\\\/2020\\\/05\\\/Lactalis-Elevages-caprins-343.png\",\"datePublished\":\"2020-01-08T10:50:13+00:00\",\"dateModified\":\"2021-02-03T16:34:19+00:00\",\"breadcrumb\":{\"@id\":\"https:\\\/\\\/www.lactalisfeed.fr\\\/en\\\/lambs-and-kids\\\/our-products\\\/#breadcrumb\"},\"inLanguage\":\"en-US\",\"potentialAction\":[{\"@type\":\"ReadAction\",\"target\":[\"https:\\\/\\\/www.lactalisfeed.fr\\\/en\\\/lambs-and-kids\\\/our-products\\\/\"]}]},{\"@type\":\"ImageObject\",\"inLanguage\":\"en-US\",\"@id\":\"https:\\\/\\\/www.lactalisfeed.fr\\\/en\\\/lambs-and-kids\\\/our-products\\\/#primaryimage\",\"url\":\"https:\\\/\\\/www.lactalisfeed.fr\\\/wp-content\\\/uploads\\\/2020\\\/05\\\/Lactalis-Elevages-caprins-343.png\",\"contentUrl\":\"https:\\\/\\\/www.lactalisfeed.fr\\\/wp-content\\\/uploads\\\/2020\\\/05\\\/Lactalis-Elevages-caprins-343.png\",\"width\":1076,\"height\":602,\"caption\":\"Un travailleur agricole avance dans l\u2019\u00e9table pour nourrir les ch\u00e8vres \u00e0 l\u2019aide d\u2019un seau de la marque Eurovo.\"},{\"@type\":\"BreadcrumbList\",\"@id\":\"https:\\\/\\\/www.lactalisfeed.fr\\\/en\\\/lambs-and-kids\\\/our-products\\\/#breadcrumb\",\"itemListElement\":[{\"@type\":\"ListItem\",\"position\":1,\"name\":\"Home\",\"item\":\"https:\\\/\\\/www.lactalisfeed.fr\\\/en\\\/\"},{\"@type\":\"ListItem\",\"position\":2,\"name\":\"Lambs and kids\",\"item\":\"https:\\\/\\\/www.lactalisfeed.fr\\\/en\\\/lambs-and-kids\\\/\"},{\"@type\":\"ListItem\",\"position\":3,\"name\":\"Our products\"}]},{\"@type\":\"WebSite\",\"@id\":\"https:\\\/\\\/www.lactalisfeed.fr\\\/en\\\/#website\",\"url\":\"https:\\\/\\\/www.lactalisfeed.fr\\\/en\\\/\",\"name\":\"Eurovo\",\"description\":\"Nourrir votre croissance\",\"potentialAction\":[{\"@type\":\"SearchAction\",\"target\":{\"@type\":\"EntryPoint\",\"urlTemplate\":\"https:\\\/\\\/www.lactalisfeed.fr\\\/en\\\/?s={search_term_string}\"},\"query-input\":{\"@type\":\"PropertyValueSpecification\",\"valueRequired\":true,\"valueName\":\"search_term_string\"}}],\"inLanguage\":\"en-US\"}]}<\/script>\n<!-- \/ Yoast SEO plugin. -->","yoast_head_json":{"title":"Our products - Eurovo","robots":{"index":"index","follow":"follow","max-snippet":"max-snippet:-1","max-image-preview":"max-image-preview:large","max-video-preview":"max-video-preview:-1"},"canonical":"https:\/\/www.lactalisfeed.fr\/en\/lambs-and-kids\/our-products\/","og_locale":"en_US","og_type":"article","og_title":"Our products - Eurovo","og_description":"A complete range of products adapted to each situation. Feeds that support your growth and performance goals.","og_url":"https:\/\/www.lactalisfeed.fr\/en\/lambs-and-kids\/our-products\/","og_site_name":"Eurovo","article_modified_time":"2021-02-03T16:34:19+00:00","og_image":[{"width":1076,"height":602,"url":"https:\/\/www.lactalisfeed.fr\/wp-content\/uploads\/2020\/05\/Lactalis-Elevages-caprins-343.png","type":"image\/png"}],"twitter_card":"summary_large_image","twitter_misc":{"Est. reading time":"1 minute"},"schema":{"@context":"https:\/\/schema.org","@graph":[{"@type":"WebPage","@id":"https:\/\/www.lactalisfeed.fr\/en\/lambs-and-kids\/our-products\/","url":"https:\/\/www.lactalisfeed.fr\/en\/lambs-and-kids\/our-products\/","name":"Our products - Eurovo","isPartOf":{"@id":"https:\/\/www.lactalisfeed.fr\/en\/#website"},"primaryImageOfPage":{"@id":"https:\/\/www.lactalisfeed.fr\/en\/lambs-and-kids\/our-products\/#primaryimage"},"image":{"@id":"https:\/\/www.lactalisfeed.fr\/en\/lambs-and-kids\/our-products\/#primaryimage"},"thumbnailUrl":"https:\/\/www.lactalisfeed.fr\/wp-content\/uploads\/2020\/05\/Lactalis-Elevages-caprins-343.png","datePublished":"2020-01-08T10:50:13+00:00","dateModified":"2021-02-03T16:34:19+00:00","breadcrumb":{"@id":"https:\/\/www.lactalisfeed.fr\/en\/lambs-and-kids\/our-products\/#breadcrumb"},"inLanguage":"en-US","potentialAction":[{"@type":"ReadAction","target":["https:\/\/www.lactalisfeed.fr\/en\/lambs-and-kids\/our-products\/"]}]},{"@type":"ImageObject","inLanguage":"en-US","@id":"https:\/\/www.lactalisfeed.fr\/en\/lambs-and-kids\/our-products\/#primaryimage","url":"https:\/\/www.lactalisfeed.fr\/wp-content\/uploads\/2020\/05\/Lactalis-Elevages-caprins-343.png","contentUrl":"https:\/\/www.lactalisfeed.fr\/wp-content\/uploads\/2020\/05\/Lactalis-Elevages-caprins-343.png","width":1076,"height":602,"caption":"Un travailleur agricole avance dans l\u2019\u00e9table pour nourrir les ch\u00e8vres \u00e0 l\u2019aide d\u2019un seau de la marque Eurovo."},{"@type":"BreadcrumbList","@id":"https:\/\/www.lactalisfeed.fr\/en\/lambs-and-kids\/our-products\/#breadcrumb","itemListElement":[{"@type":"ListItem","position":1,"name":"Home","item":"https:\/\/www.lactalisfeed.fr\/en\/"},{"@type":"ListItem","position":2,"name":"Lambs and kids","item":"https:\/\/www.lactalisfeed.fr\/en\/lambs-and-kids\/"},{"@type":"ListItem","position":3,"name":"Our products"}]},{"@type":"WebSite","@id":"https:\/\/www.lactalisfeed.fr\/en\/#website","url":"https:\/\/www.lactalisfeed.fr\/en\/","name":"Eurovo","description":"Nourrir votre croissance","potentialAction":[{"@type":"SearchAction","target":{"@type":"EntryPoint","urlTemplate":"https:\/\/www.lactalisfeed.fr\/en\/?s={search_term_string}"},"query-input":{"@type":"PropertyValueSpecification","valueRequired":true,"valueName":"search_term_string"}}],"inLanguage":"en-US"}]}},"_links":{"self":[{"href":"https:\/\/www.lactalisfeed.fr\/en\/wp-json\/wp\/v2\/pages\/2423","targetHints":{"allow":["GET"]}}],"collection":[{"href":"https:\/\/www.lactalisfeed.fr\/en\/wp-json\/wp\/v2\/pages"}],"about":[{"href":"https:\/\/www.lactalisfeed.fr\/en\/wp-json\/wp\/v2\/types\/page"}],"author":[{"embeddable":true,"href":"https:\/\/www.lactalisfeed.fr\/en\/wp-json\/wp\/v2\/users\/1"}],"replies":[{"embeddable":true,"href":"https:\/\/www.lactalisfeed.fr\/en\/wp-json\/wp\/v2\/comments?post=2423"}],"version-history":[{"count":2,"href":"https:\/\/www.lactalisfeed.fr\/en\/wp-json\/wp\/v2\/pages\/2423\/revisions"}],"predecessor-version":[{"id":2426,"href":"https:\/\/www.lactalisfeed.fr\/en\/wp-json\/wp\/v2\/pages\/2423\/revisions\/2426"}],"up":[{"embeddable":true,"href":"https:\/\/www.lactalisfeed.fr\/en\/wp-json\/wp\/v2\/pages\/2421"}],"wp:featuredmedia":[{"embeddable":true,"href":"https:\/\/www.lactalisfeed.fr\/en\/wp-json\/wp\/v2\/media\/1637"}],"wp:attachment":[{"href":"https:\/\/www.lactalisfeed.fr\/en\/wp-json\/wp\/v2\/media?parent=2423"}],"curies":[{"name":"wp","href":"https:\/\/api.w.org\/{rel}","templated":true}]}}