{"id":2574,"date":"2020-01-08T11:49:38","date_gmt":"2020-01-08T10:49:38","guid":{"rendered":"https:\/\/lactalisfeed.fr\/veau-de-boucherie\/nos-produit\/"},"modified":"2021-02-08T16:40:37","modified_gmt":"2021-02-08T15:40:37","slug":"unsere-produkte","status":"publish","type":"page","link":"https:\/\/www.lactalisfeed.fr\/de\/schlachtkaelber\/unsere-produkte\/","title":{"rendered":"Unsere produkte"},"content":{"rendered":"\n<p>Mit unseren Produktreihen: PRESTILAC, OPTILAC und BABILAC entscheiden Sie sich f\u00fcr Performance.<\/p>\n\n\n\n<p>Unsere <strong>Sortimente mit Milchaustauschern <\/strong>und <strong>Faserfutter<\/strong>, sind pr\u00e4zise an die Ern\u00e4hrungsbed\u00fcrfnisse der Tiere angepasst und ber\u00fccksichtigen dabei auch und Ihre technischen und wirtschaftlichen Anforderungen.<\/p>\n","protected":false},"excerpt":{"rendered":"<p>Mit unseren Produktreihen: PRESTILAC, OPTILAC und BABILAC entscheiden Sie sich f\u00fcr Performance. Unsere Sortimente mit Milchaustauschern und Faserfutter, sind pr\u00e4zise an die Ern\u00e4hrungsbed\u00fcrfnisse der Tiere angepasst und ber\u00fccksichtigen dabei auch und Ihre technischen und wirtschaftlichen Anforderungen.<\/p>\n","protected":false},"author":1,"featured_media":1993,"parent":2573,"menu_order":0,"comment_status":"closed","ping_status":"closed","template":"template-page-flexible.php","meta":{"_acf_changed":false,"footnotes":""},"class_list":["post-2574","page","type-page","status-publish","has-post-thumbnail","hentry"],"acf":[],"yoast_head":"<!-- This site is optimized with the Yoast SEO plugin v27.1.1 - https:\/\/yoast.com\/product\/yoast-seo-wordpress\/ -->\n<title>Unsere produkte - Eurovo<\/title>\n<meta name=\"robots\" content=\"index, follow, max-snippet:-1, max-image-preview:large, max-video-preview:-1\" \/>\n<link rel=\"canonical\" href=\"https:\/\/www.lactalisfeed.fr\/de\/schlachtkaelber\/unsere-produkte\/\" \/>\n<meta property=\"og:locale\" content=\"de_DE\" \/>\n<meta property=\"og:type\" content=\"article\" \/>\n<meta property=\"og:title\" content=\"Unsere produkte - Eurovo\" \/>\n<meta property=\"og:description\" content=\"Mit unseren Produktreihen: PRESTILAC, OPTILAC und BABILAC entscheiden Sie sich f\u00fcr Performance. Unsere Sortimente mit Milchaustauschern und Faserfutter, sind pr\u00e4zise an die Ern\u00e4hrungsbed\u00fcrfnisse der Tiere angepasst und ber\u00fccksichtigen dabei auch und Ihre technischen und wirtschaftlichen Anforderungen.\" \/>\n<meta property=\"og:url\" content=\"https:\/\/www.lactalisfeed.fr\/de\/schlachtkaelber\/unsere-produkte\/\" \/>\n<meta property=\"og:site_name\" content=\"Eurovo\" \/>\n<meta property=\"article:modified_time\" content=\"2021-02-08T15:40:37+00:00\" \/>\n<meta property=\"og:image\" content=\"https:\/\/www.lactalisfeed.fr\/wp-content\/uploads\/2020\/11\/Image1.jpg\" \/>\n\t<meta property=\"og:image:width\" content=\"1045\" \/>\n\t<meta property=\"og:image:height\" content=\"336\" \/>\n\t<meta property=\"og:image:type\" content=\"image\/jpeg\" \/>\n<meta name=\"twitter:card\" content=\"summary_large_image\" \/>\n<meta name=\"twitter:label1\" content=\"Est. reading time\" \/>\n\t<meta name=\"twitter:data1\" content=\"1 minute\" \/>\n<script type=\"application\/ld+json\" class=\"yoast-schema-graph\">{\"@context\":\"https:\/\/schema.org\",\"@graph\":[{\"@type\":\"WebPage\",\"@id\":\"https:\/\/www.lactalisfeed.fr\/de\/schlachtkaelber\/unsere-produkte\/\",\"url\":\"https:\/\/www.lactalisfeed.fr\/de\/schlachtkaelber\/unsere-produkte\/\",\"name\":\"Unsere produkte - Eurovo\",\"isPartOf\":{\"@id\":\"https:\/\/www.lactalisfeed.fr\/de\/#website\"},\"primaryImageOfPage\":{\"@id\":\"https:\/\/www.lactalisfeed.fr\/de\/schlachtkaelber\/unsere-produkte\/#primaryimage\"},\"image\":{\"@id\":\"https:\/\/www.lactalisfeed.fr\/de\/schlachtkaelber\/unsere-produkte\/#primaryimage\"},\"thumbnailUrl\":\"https:\/\/www.lactalisfeed.fr\/wp-content\/uploads\/2020\/11\/Image1.jpg\",\"datePublished\":\"2020-01-08T10:49:38+00:00\",\"dateModified\":\"2021-02-08T15:40:37+00:00\",\"breadcrumb\":{\"@id\":\"https:\/\/www.lactalisfeed.fr\/de\/schlachtkaelber\/unsere-produkte\/#breadcrumb\"},\"inLanguage\":\"de-DE\",\"potentialAction\":[{\"@type\":\"ReadAction\",\"target\":[\"https:\/\/www.lactalisfeed.fr\/de\/schlachtkaelber\/unsere-produkte\/\"]}]},{\"@type\":\"ImageObject\",\"inLanguage\":\"de-DE\",\"@id\":\"https:\/\/www.lactalisfeed.fr\/de\/schlachtkaelber\/unsere-produkte\/#primaryimage\",\"url\":\"https:\/\/www.lactalisfeed.fr\/wp-content\/uploads\/2020\/11\/Image1.jpg\",\"contentUrl\":\"https:\/\/www.lactalisfeed.fr\/wp-content\/uploads\/2020\/11\/Image1.jpg\",\"width\":1045,\"height\":336},{\"@type\":\"BreadcrumbList\",\"@id\":\"https:\/\/www.lactalisfeed.fr\/de\/schlachtkaelber\/unsere-produkte\/#breadcrumb\",\"itemListElement\":[{\"@type\":\"ListItem\",\"position\":1,\"name\":\"Accueil\",\"item\":\"https:\/\/www.lactalisfeed.fr\/de\/\"},{\"@type\":\"ListItem\",\"position\":2,\"name\":\"Schlachtk\u00e4lber\",\"item\":\"https:\/\/www.lactalisfeed.fr\/de\/schlachtkaelber\/\"},{\"@type\":\"ListItem\",\"position\":3,\"name\":\"Unsere produkte\"}]},{\"@type\":\"WebSite\",\"@id\":\"https:\/\/www.lactalisfeed.fr\/de\/#website\",\"url\":\"https:\/\/www.lactalisfeed.fr\/de\/\",\"name\":\"Eurovo\",\"description\":\"Nourrir votre croissance\",\"potentialAction\":[{\"@type\":\"SearchAction\",\"target\":{\"@type\":\"EntryPoint\",\"urlTemplate\":\"https:\/\/www.lactalisfeed.fr\/de\/?s={search_term_string}\"},\"query-input\":{\"@type\":\"PropertyValueSpecification\",\"valueRequired\":true,\"valueName\":\"search_term_string\"}}],\"inLanguage\":\"de-DE\"}]}<\/script>\n<!-- \/ Yoast SEO plugin. -->","yoast_head_json":{"title":"Unsere produkte - Eurovo","robots":{"index":"index","follow":"follow","max-snippet":"max-snippet:-1","max-image-preview":"max-image-preview:large","max-video-preview":"max-video-preview:-1"},"canonical":"https:\/\/www.lactalisfeed.fr\/de\/schlachtkaelber\/unsere-produkte\/","og_locale":"de_DE","og_type":"article","og_title":"Unsere produkte - Eurovo","og_description":"Mit unseren Produktreihen: PRESTILAC, OPTILAC und BABILAC entscheiden Sie sich f\u00fcr Performance. Unsere Sortimente mit Milchaustauschern und Faserfutter, sind pr\u00e4zise an die Ern\u00e4hrungsbed\u00fcrfnisse der Tiere angepasst und ber\u00fccksichtigen dabei auch und Ihre technischen und wirtschaftlichen Anforderungen.","og_url":"https:\/\/www.lactalisfeed.fr\/de\/schlachtkaelber\/unsere-produkte\/","og_site_name":"Eurovo","article_modified_time":"2021-02-08T15:40:37+00:00","og_image":[{"width":1045,"height":336,"url":"https:\/\/www.lactalisfeed.fr\/wp-content\/uploads\/2020\/11\/Image1.jpg","type":"image\/jpeg"}],"twitter_card":"summary_large_image","twitter_misc":{"Est. reading time":"1 minute"},"schema":{"@context":"https:\/\/schema.org","@graph":[{"@type":"WebPage","@id":"https:\/\/www.lactalisfeed.fr\/de\/schlachtkaelber\/unsere-produkte\/","url":"https:\/\/www.lactalisfeed.fr\/de\/schlachtkaelber\/unsere-produkte\/","name":"Unsere produkte - Eurovo","isPartOf":{"@id":"https:\/\/www.lactalisfeed.fr\/de\/#website"},"primaryImageOfPage":{"@id":"https:\/\/www.lactalisfeed.fr\/de\/schlachtkaelber\/unsere-produkte\/#primaryimage"},"image":{"@id":"https:\/\/www.lactalisfeed.fr\/de\/schlachtkaelber\/unsere-produkte\/#primaryimage"},"thumbnailUrl":"https:\/\/www.lactalisfeed.fr\/wp-content\/uploads\/2020\/11\/Image1.jpg","datePublished":"2020-01-08T10:49:38+00:00","dateModified":"2021-02-08T15:40:37+00:00","breadcrumb":{"@id":"https:\/\/www.lactalisfeed.fr\/de\/schlachtkaelber\/unsere-produkte\/#breadcrumb"},"inLanguage":"de-DE","potentialAction":[{"@type":"ReadAction","target":["https:\/\/www.lactalisfeed.fr\/de\/schlachtkaelber\/unsere-produkte\/"]}]},{"@type":"ImageObject","inLanguage":"de-DE","@id":"https:\/\/www.lactalisfeed.fr\/de\/schlachtkaelber\/unsere-produkte\/#primaryimage","url":"https:\/\/www.lactalisfeed.fr\/wp-content\/uploads\/2020\/11\/Image1.jpg","contentUrl":"https:\/\/www.lactalisfeed.fr\/wp-content\/uploads\/2020\/11\/Image1.jpg","width":1045,"height":336},{"@type":"BreadcrumbList","@id":"https:\/\/www.lactalisfeed.fr\/de\/schlachtkaelber\/unsere-produkte\/#breadcrumb","itemListElement":[{"@type":"ListItem","position":1,"name":"Accueil","item":"https:\/\/www.lactalisfeed.fr\/de\/"},{"@type":"ListItem","position":2,"name":"Schlachtk\u00e4lber","item":"https:\/\/www.lactalisfeed.fr\/de\/schlachtkaelber\/"},{"@type":"ListItem","position":3,"name":"Unsere produkte"}]},{"@type":"WebSite","@id":"https:\/\/www.lactalisfeed.fr\/de\/#website","url":"https:\/\/www.lactalisfeed.fr\/de\/","name":"Eurovo","description":"Nourrir votre croissance","potentialAction":[{"@type":"SearchAction","target":{"@type":"EntryPoint","urlTemplate":"https:\/\/www.lactalisfeed.fr\/de\/?s={search_term_string}"},"query-input":{"@type":"PropertyValueSpecification","valueRequired":true,"valueName":"search_term_string"}}],"inLanguage":"de-DE"}]}},"_links":{"self":[{"href":"https:\/\/www.lactalisfeed.fr\/de\/wp-json\/wp\/v2\/pages\/2574","targetHints":{"allow":["GET"]}}],"collection":[{"href":"https:\/\/www.lactalisfeed.fr\/de\/wp-json\/wp\/v2\/pages"}],"about":[{"href":"https:\/\/www.lactalisfeed.fr\/de\/wp-json\/wp\/v2\/types\/page"}],"author":[{"embeddable":true,"href":"https:\/\/www.lactalisfeed.fr\/de\/wp-json\/wp\/v2\/users\/1"}],"replies":[{"embeddable":true,"href":"https:\/\/www.lactalisfeed.fr\/de\/wp-json\/wp\/v2\/comments?post=2574"}],"version-history":[{"count":2,"href":"https:\/\/www.lactalisfeed.fr\/de\/wp-json\/wp\/v2\/pages\/2574\/revisions"}],"predecessor-version":[{"id":2715,"href":"https:\/\/www.lactalisfeed.fr\/de\/wp-json\/wp\/v2\/pages\/2574\/revisions\/2715"}],"up":[{"embeddable":true,"href":"https:\/\/www.lactalisfeed.fr\/de\/wp-json\/wp\/v2\/pages\/2573"}],"wp:featuredmedia":[{"embeddable":true,"href":"https:\/\/www.lactalisfeed.fr\/de\/wp-json\/wp\/v2\/media\/1993"}],"wp:attachment":[{"href":"https:\/\/www.lactalisfeed.fr\/de\/wp-json\/wp\/v2\/media?parent=2574"}],"curies":[{"name":"wp","href":"https:\/\/api.w.org\/{rel}","templated":true}]}}