{"id":2550,"date":"2020-01-08T11:50:13","date_gmt":"2020-01-08T10:50:13","guid":{"rendered":"https:\/\/lactalisfeed.fr\/agneau-et-chevreau\/nos-produits\/"},"modified":"2021-02-08T16:39:23","modified_gmt":"2021-02-08T15:39:23","slug":"unsere-produkte-fur-schaf-und-ziegenlammer","status":"publish","type":"page","link":"https:\/\/www.lactalisfeed.fr\/de\/schaf-und-ziegenlaemmer\/unsere-produkte-fur-schaf-und-ziegenlammer\/","title":{"rendered":"Unsere produkte f\u00fcr schaf und ziegenl\u00e4mmer"},"content":{"rendered":"\n<p>Ein komplettes Produktangebot mit einer L\u00f6sung f\u00fcr jede Situation<\/p>\n\n\n\n<p><\/p>\n","protected":false},"excerpt":{"rendered":"<p>Ein komplettes Produktangebot mit einer L\u00f6sung f\u00fcr jede Situation<\/p>\n","protected":false},"author":1,"featured_media":1638,"parent":2548,"menu_order":0,"comment_status":"closed","ping_status":"closed","template":"template-page-flexible.php","meta":{"_acf_changed":false,"footnotes":""},"class_list":["post-2550","page","type-page","status-publish","has-post-thumbnail","hentry"],"acf":[],"yoast_head":"<!-- This site is optimized with the Yoast SEO plugin v27.1.1 - https:\/\/yoast.com\/product\/yoast-seo-wordpress\/ -->\n<title>Unsere produkte f\u00fcr schaf und ziegenl\u00e4mmer - Eurovo<\/title>\n<meta name=\"robots\" content=\"index, follow, max-snippet:-1, max-image-preview:large, max-video-preview:-1\" \/>\n<link rel=\"canonical\" href=\"https:\/\/www.lactalisfeed.fr\/de\/schaf-und-ziegenlaemmer\/unsere-produkte-fur-schaf-und-ziegenlammer\/\" \/>\n<meta property=\"og:locale\" content=\"de_DE\" \/>\n<meta property=\"og:type\" content=\"article\" \/>\n<meta property=\"og:title\" content=\"Unsere produkte f\u00fcr schaf und ziegenl\u00e4mmer - Eurovo\" \/>\n<meta property=\"og:description\" content=\"Ein komplettes Produktangebot mit einer L\u00f6sung f\u00fcr jede Situation\" \/>\n<meta property=\"og:url\" content=\"https:\/\/www.lactalisfeed.fr\/de\/schaf-und-ziegenlaemmer\/unsere-produkte-fur-schaf-und-ziegenlammer\/\" \/>\n<meta property=\"og:site_name\" content=\"Eurovo\" \/>\n<meta property=\"article:modified_time\" content=\"2021-02-08T15:39:23+00:00\" \/>\n<meta property=\"og:image\" content=\"https:\/\/www.lactalisfeed.fr\/wp-content\/uploads\/2020\/05\/Lactalis-Elevages-caprins-343.png\" \/>\n\t<meta property=\"og:image:width\" content=\"1076\" \/>\n\t<meta property=\"og:image:height\" content=\"602\" \/>\n\t<meta property=\"og:image:type\" content=\"image\/png\" \/>\n<meta name=\"twitter:card\" content=\"summary_large_image\" \/>\n<meta name=\"twitter:label1\" content=\"Est. reading time\" \/>\n\t<meta name=\"twitter:data1\" content=\"1 minute\" \/>\n<script type=\"application\/ld+json\" class=\"yoast-schema-graph\">{\"@context\":\"https:\/\/schema.org\",\"@graph\":[{\"@type\":\"WebPage\",\"@id\":\"https:\/\/www.lactalisfeed.fr\/de\/schaf-und-ziegenlaemmer\/unsere-produkte-fur-schaf-und-ziegenlammer\/\",\"url\":\"https:\/\/www.lactalisfeed.fr\/de\/schaf-und-ziegenlaemmer\/unsere-produkte-fur-schaf-und-ziegenlammer\/\",\"name\":\"Unsere produkte f\u00fcr schaf und ziegenl\u00e4mmer - Eurovo\",\"isPartOf\":{\"@id\":\"https:\/\/www.lactalisfeed.fr\/de\/#website\"},\"primaryImageOfPage\":{\"@id\":\"https:\/\/www.lactalisfeed.fr\/de\/schaf-und-ziegenlaemmer\/unsere-produkte-fur-schaf-und-ziegenlammer\/#primaryimage\"},\"image\":{\"@id\":\"https:\/\/www.lactalisfeed.fr\/de\/schaf-und-ziegenlaemmer\/unsere-produkte-fur-schaf-und-ziegenlammer\/#primaryimage\"},\"thumbnailUrl\":\"https:\/\/www.lactalisfeed.fr\/wp-content\/uploads\/2020\/05\/Lactalis-Elevages-caprins-343.png\",\"datePublished\":\"2020-01-08T10:50:13+00:00\",\"dateModified\":\"2021-02-08T15:39:23+00:00\",\"breadcrumb\":{\"@id\":\"https:\/\/www.lactalisfeed.fr\/de\/schaf-und-ziegenlaemmer\/unsere-produkte-fur-schaf-und-ziegenlammer\/#breadcrumb\"},\"inLanguage\":\"de-DE\",\"potentialAction\":[{\"@type\":\"ReadAction\",\"target\":[\"https:\/\/www.lactalisfeed.fr\/de\/schaf-und-ziegenlaemmer\/unsere-produkte-fur-schaf-und-ziegenlammer\/\"]}]},{\"@type\":\"ImageObject\",\"inLanguage\":\"de-DE\",\"@id\":\"https:\/\/www.lactalisfeed.fr\/de\/schaf-und-ziegenlaemmer\/unsere-produkte-fur-schaf-und-ziegenlammer\/#primaryimage\",\"url\":\"https:\/\/www.lactalisfeed.fr\/wp-content\/uploads\/2020\/05\/Lactalis-Elevages-caprins-343.png\",\"contentUrl\":\"https:\/\/www.lactalisfeed.fr\/wp-content\/uploads\/2020\/05\/Lactalis-Elevages-caprins-343.png\",\"width\":1076,\"height\":602,\"caption\":\"Un travailleur agricole avance dans l\u2019\u00e9table pour nourrir les ch\u00e8vres \u00e0 l\u2019aide d\u2019un seau de la marque Eurovo.\"},{\"@type\":\"BreadcrumbList\",\"@id\":\"https:\/\/www.lactalisfeed.fr\/de\/schaf-und-ziegenlaemmer\/unsere-produkte-fur-schaf-und-ziegenlammer\/#breadcrumb\",\"itemListElement\":[{\"@type\":\"ListItem\",\"position\":1,\"name\":\"Accueil\",\"item\":\"https:\/\/www.lactalisfeed.fr\/de\/\"},{\"@type\":\"ListItem\",\"position\":2,\"name\":\"Schaf und Ziegenl\u00e4mmer\",\"item\":\"https:\/\/www.lactalisfeed.fr\/de\/schaf-und-ziegenlaemmer\/\"},{\"@type\":\"ListItem\",\"position\":3,\"name\":\"Unsere produkte f\u00fcr schaf und ziegenl\u00e4mmer\"}]},{\"@type\":\"WebSite\",\"@id\":\"https:\/\/www.lactalisfeed.fr\/de\/#website\",\"url\":\"https:\/\/www.lactalisfeed.fr\/de\/\",\"name\":\"Eurovo\",\"description\":\"Nourrir votre croissance\",\"potentialAction\":[{\"@type\":\"SearchAction\",\"target\":{\"@type\":\"EntryPoint\",\"urlTemplate\":\"https:\/\/www.lactalisfeed.fr\/de\/?s={search_term_string}\"},\"query-input\":{\"@type\":\"PropertyValueSpecification\",\"valueRequired\":true,\"valueName\":\"search_term_string\"}}],\"inLanguage\":\"de-DE\"}]}<\/script>\n<!-- \/ Yoast SEO plugin. -->","yoast_head_json":{"title":"Unsere produkte f\u00fcr schaf und ziegenl\u00e4mmer - Eurovo","robots":{"index":"index","follow":"follow","max-snippet":"max-snippet:-1","max-image-preview":"max-image-preview:large","max-video-preview":"max-video-preview:-1"},"canonical":"https:\/\/www.lactalisfeed.fr\/de\/schaf-und-ziegenlaemmer\/unsere-produkte-fur-schaf-und-ziegenlammer\/","og_locale":"de_DE","og_type":"article","og_title":"Unsere produkte f\u00fcr schaf und ziegenl\u00e4mmer - Eurovo","og_description":"Ein komplettes Produktangebot mit einer L\u00f6sung f\u00fcr jede Situation","og_url":"https:\/\/www.lactalisfeed.fr\/de\/schaf-und-ziegenlaemmer\/unsere-produkte-fur-schaf-und-ziegenlammer\/","og_site_name":"Eurovo","article_modified_time":"2021-02-08T15:39:23+00:00","og_image":[{"width":1076,"height":602,"url":"https:\/\/www.lactalisfeed.fr\/wp-content\/uploads\/2020\/05\/Lactalis-Elevages-caprins-343.png","type":"image\/png"}],"twitter_card":"summary_large_image","twitter_misc":{"Est. reading time":"1 minute"},"schema":{"@context":"https:\/\/schema.org","@graph":[{"@type":"WebPage","@id":"https:\/\/www.lactalisfeed.fr\/de\/schaf-und-ziegenlaemmer\/unsere-produkte-fur-schaf-und-ziegenlammer\/","url":"https:\/\/www.lactalisfeed.fr\/de\/schaf-und-ziegenlaemmer\/unsere-produkte-fur-schaf-und-ziegenlammer\/","name":"Unsere produkte f\u00fcr schaf und ziegenl\u00e4mmer - Eurovo","isPartOf":{"@id":"https:\/\/www.lactalisfeed.fr\/de\/#website"},"primaryImageOfPage":{"@id":"https:\/\/www.lactalisfeed.fr\/de\/schaf-und-ziegenlaemmer\/unsere-produkte-fur-schaf-und-ziegenlammer\/#primaryimage"},"image":{"@id":"https:\/\/www.lactalisfeed.fr\/de\/schaf-und-ziegenlaemmer\/unsere-produkte-fur-schaf-und-ziegenlammer\/#primaryimage"},"thumbnailUrl":"https:\/\/www.lactalisfeed.fr\/wp-content\/uploads\/2020\/05\/Lactalis-Elevages-caprins-343.png","datePublished":"2020-01-08T10:50:13+00:00","dateModified":"2021-02-08T15:39:23+00:00","breadcrumb":{"@id":"https:\/\/www.lactalisfeed.fr\/de\/schaf-und-ziegenlaemmer\/unsere-produkte-fur-schaf-und-ziegenlammer\/#breadcrumb"},"inLanguage":"de-DE","potentialAction":[{"@type":"ReadAction","target":["https:\/\/www.lactalisfeed.fr\/de\/schaf-und-ziegenlaemmer\/unsere-produkte-fur-schaf-und-ziegenlammer\/"]}]},{"@type":"ImageObject","inLanguage":"de-DE","@id":"https:\/\/www.lactalisfeed.fr\/de\/schaf-und-ziegenlaemmer\/unsere-produkte-fur-schaf-und-ziegenlammer\/#primaryimage","url":"https:\/\/www.lactalisfeed.fr\/wp-content\/uploads\/2020\/05\/Lactalis-Elevages-caprins-343.png","contentUrl":"https:\/\/www.lactalisfeed.fr\/wp-content\/uploads\/2020\/05\/Lactalis-Elevages-caprins-343.png","width":1076,"height":602,"caption":"Un travailleur agricole avance dans l\u2019\u00e9table pour nourrir les ch\u00e8vres \u00e0 l\u2019aide d\u2019un seau de la marque Eurovo."},{"@type":"BreadcrumbList","@id":"https:\/\/www.lactalisfeed.fr\/de\/schaf-und-ziegenlaemmer\/unsere-produkte-fur-schaf-und-ziegenlammer\/#breadcrumb","itemListElement":[{"@type":"ListItem","position":1,"name":"Accueil","item":"https:\/\/www.lactalisfeed.fr\/de\/"},{"@type":"ListItem","position":2,"name":"Schaf und Ziegenl\u00e4mmer","item":"https:\/\/www.lactalisfeed.fr\/de\/schaf-und-ziegenlaemmer\/"},{"@type":"ListItem","position":3,"name":"Unsere produkte f\u00fcr schaf und ziegenl\u00e4mmer"}]},{"@type":"WebSite","@id":"https:\/\/www.lactalisfeed.fr\/de\/#website","url":"https:\/\/www.lactalisfeed.fr\/de\/","name":"Eurovo","description":"Nourrir votre croissance","potentialAction":[{"@type":"SearchAction","target":{"@type":"EntryPoint","urlTemplate":"https:\/\/www.lactalisfeed.fr\/de\/?s={search_term_string}"},"query-input":{"@type":"PropertyValueSpecification","valueRequired":true,"valueName":"search_term_string"}}],"inLanguage":"de-DE"}]}},"_links":{"self":[{"href":"https:\/\/www.lactalisfeed.fr\/de\/wp-json\/wp\/v2\/pages\/2550","targetHints":{"allow":["GET"]}}],"collection":[{"href":"https:\/\/www.lactalisfeed.fr\/de\/wp-json\/wp\/v2\/pages"}],"about":[{"href":"https:\/\/www.lactalisfeed.fr\/de\/wp-json\/wp\/v2\/types\/page"}],"author":[{"embeddable":true,"href":"https:\/\/www.lactalisfeed.fr\/de\/wp-json\/wp\/v2\/users\/1"}],"replies":[{"embeddable":true,"href":"https:\/\/www.lactalisfeed.fr\/de\/wp-json\/wp\/v2\/comments?post=2550"}],"version-history":[{"count":2,"href":"https:\/\/www.lactalisfeed.fr\/de\/wp-json\/wp\/v2\/pages\/2550\/revisions"}],"predecessor-version":[{"id":2663,"href":"https:\/\/www.lactalisfeed.fr\/de\/wp-json\/wp\/v2\/pages\/2550\/revisions\/2663"}],"up":[{"embeddable":true,"href":"https:\/\/www.lactalisfeed.fr\/de\/wp-json\/wp\/v2\/pages\/2548"}],"wp:featuredmedia":[{"embeddable":true,"href":"https:\/\/www.lactalisfeed.fr\/de\/wp-json\/wp\/v2\/media\/1638"}],"wp:attachment":[{"href":"https:\/\/www.lactalisfeed.fr\/de\/wp-json\/wp\/v2\/media?parent=2550"}],"curies":[{"name":"wp","href":"https:\/\/api.w.org\/{rel}","templated":true}]}}